{"id":308,"date":"2020-01-13T11:17:52","date_gmt":"2020-01-13T11:17:52","guid":{"rendered":"https:\/\/demosites.io\/web-agency-gb\/?page_id=5"},"modified":"2025-12-10T19:03:55","modified_gmt":"2025-12-10T17:03:55","slug":"15c42-web-agency-gb-home","status":"publish","type":"page","link":"https:\/\/fisioterapialetsmove.es\/","title":{"rendered":"INICI"},"content":{"rendered":"\n<div class=\"wp-block-group alignfull has-contrast-color has-text-color is-vertical is-content-justification-center is-layout-flex wp-container-core-group-layout-1 wp-block-group-is-layout-flex\" style=\"min-height:40vh;margin-top:0;margin-bottom:0;padding-top:var(--wp--preset--spacing--60);padding-right:var(--wp--preset--spacing--50);padding-bottom:var(--wp--preset--spacing--60);padding-left:var(--wp--preset--spacing--50)\"><div style=\"margin-bottom:6px;\" class=\"aligncenter wp-block-site-logo\"><a href=\"https:\/\/fisioterapialetsmove.es\/\" class=\"custom-logo-link\" rel=\"home\"><img loading=\"lazy\" decoding=\"async\" width=\"597\" height=\"674\" src=\"https:\/\/fisioterapialetsmove.es\/wp-content\/uploads\/2025\/12\/POSTS-LETS-MOVE-fons-blanc-copia-2.png\" class=\"custom-logo\" alt=\"LET&#039;S MOVE! Fisioter\u00e0pia\" srcset=\"https:\/\/fisioterapialetsmove.es\/wp-content\/uploads\/2025\/12\/POSTS-LETS-MOVE-fons-blanc-copia-2.png 622w, https:\/\/fisioterapialetsmove.es\/wp-content\/uploads\/2025\/12\/POSTS-LETS-MOVE-fons-blanc-copia-2-265x300.png 265w\" sizes=\"(max-width: 597px) 100vw, 597px\" \/><\/a><\/div><\/div>\n\n\n\n<div class=\"wp-block-cover alignfull\" style=\"min-height:50px\"><span aria-hidden=\"true\" class=\"wp-block-cover__background has-nv-light-bg-background-color has-background-dim-100 has-background-dim\"><\/span><div class=\"wp-block-cover__inner-container is-layout-flow wp-block-cover-is-layout-flow\">\n<p class=\"has-text-align-center has-large-font-size\"><\/p>\n<\/div><\/div>\n\n\n\n<div class=\"wp-block-media-text alignfull is-stacked-on-mobile is-vertically-aligned-center\"><figure class=\"wp-block-media-text__media\"><img decoding=\"async\" src=\"https:\/\/s.w.org\/images\/core\/5.8\/architecture-04.jpg\" alt=\"Primer pla, vista abstracta d'arquitectura.\"\/><\/figure><div class=\"wp-block-media-text__content\">\n<p><\/p>\n\n\n\n<h3 class=\"wp-block-heading has-text-align-center has-text-color\" style=\"color:#000000\"><strong>El moviment \u00e9s vida<\/strong><\/h3>\n\n\n\n<p class=\"has-text-align-center has-extra-small-font-size\"><a href=\"#\" title=\"@letsmove.fisioterapia\">@<\/a><a href=\"#\" title=\"@letsmove.fisio\">letsmove.fisio<\/a><\/p>\n<\/div><\/div>\n\n\n\n<p><\/p>\n\n\n\n<div class=\"wp-block-cover alignfull\" style=\"min-height:702px\"><span aria-hidden=\"true\" class=\"wp-block-cover__background has-nv-light-bg-background-color has-background-dim-100 has-background-dim\"><\/span><div class=\"wp-block-cover__inner-container is-layout-flow wp-block-cover-is-layout-flow\">\n<div class=\"wp-block-group is-layout-flow wp-block-group-is-layout-flow\"><div class=\"wp-block-group__inner-container\">\n<div class=\"wp-block-columns are-vertically-aligned-center is-layout-flex wp-container-core-columns-layout-1 wp-block-columns-is-layout-flex\">\n<div class=\"wp-block-column is-vertically-aligned-center is-layout-flow wp-block-column-is-layout-flow\" style=\"flex-basis:50%\">\n<p><\/p>\n\n\n\n<h2 class=\"wp-block-heading has-text-align-left has-neve-text-color-color has-text-color\">El projecte Let&#8217;s Move!<\/h2>\n\n\n\n<p class=\"has-text-align-left has-neve-text-color-color has-text-color\" style=\"font-size:17px\">Let&#8217;s Move! \u00e9s un centre de fisioter\u00e0pia que neix d&#8217;un projecte personal creat amb molta il\u00b7lusi\u00f3. <\/p>\n\n\n\n<p class=\"has-neve-text-color-color has-text-color\" style=\"font-size:17px\"><strong>La passi\u00f3 per la fisioter\u00e0pia, l&#8217;esport i la salut s&#8217;obren pas per crear un centre on la biomec\u00e0nica i l&#8217;endentiment del moviment i del cos hum\u00e0 prenen protagonisme<\/strong>. <\/p>\n\n\n\n<p class=\"has-neve-text-color-color has-text-color\" style=\"font-size:17px\">Tal com el seu nom ens indica, Let&#8217;s Move! et convida a endinsar-te en la m\u00e0gia del moviment, a moure&#8217;t, a aprendre com funciona el teu cos i a donar-li una oportunitat a curar-se i a millorar. <\/p>\n\n\n\n<div class=\"wp-block-buttons is-horizontal is-content-justification-left is-layout-flex wp-container-core-buttons-layout-1 wp-block-buttons-is-layout-flex\">\n<div class=\"wp-block-button\"><a class=\"wp-block-button__link wp-element-button\" href=\"https:\/\/fisioterapialetsmove.es\/?page_id=61\">M\u00e9s informaci\u00f3<\/a><\/div>\n<\/div>\n<\/div>\n<\/div>\n\n\n\n<div style=\"height:0px\" aria-hidden=\"true\" class=\"wp-block-spacer\"><\/div>\n<\/div><\/div>\n<\/div><\/div>\n\n\n\n<div class=\"wp-block-cover alignfull is-light\" style=\"min-height:186px\"><span aria-hidden=\"true\" class=\"wp-block-cover__background has-background-dim-0 has-background-dim\"><\/span><img loading=\"lazy\" decoding=\"async\" width=\"1576\" height=\"1240\" class=\"wp-block-cover__image-background wp-image-695\" alt=\"\" src=\"https:\/\/fisioterapialetsmove.es\/wp-content\/uploads\/2024\/12\/Captura-de-pantalla-2024-12-06-a-las-18.23.13.png\" data-object-fit=\"cover\" srcset=\"https:\/\/fisioterapialetsmove.es\/wp-content\/uploads\/2024\/12\/Captura-de-pantalla-2024-12-06-a-las-18.23.13.png 1576w, https:\/\/fisioterapialetsmove.es\/wp-content\/uploads\/2024\/12\/Captura-de-pantalla-2024-12-06-a-las-18.23.13-300x236.png 300w, https:\/\/fisioterapialetsmove.es\/wp-content\/uploads\/2024\/12\/Captura-de-pantalla-2024-12-06-a-las-18.23.13-1024x806.png 1024w, https:\/\/fisioterapialetsmove.es\/wp-content\/uploads\/2024\/12\/Captura-de-pantalla-2024-12-06-a-las-18.23.13-768x604.png 768w, https:\/\/fisioterapialetsmove.es\/wp-content\/uploads\/2024\/12\/Captura-de-pantalla-2024-12-06-a-las-18.23.13-1536x1209.png 1536w\" sizes=\"(max-width: 1576px) 100vw, 1576px\" \/><div class=\"wp-block-cover__inner-container is-layout-flow wp-block-cover-is-layout-flow\">\n<p class=\"has-text-align-center has-large-font-size\"><\/p>\n<\/div><\/div>\n\n\n\n<div class=\"wp-block-cover alignfull\" style=\"min-height:791px\"><span aria-hidden=\"true\" class=\"wp-block-cover__background has-nv-site-bg-background-color has-background-dim-100 has-background-dim\"><\/span><div class=\"wp-block-cover__inner-container is-layout-flow wp-block-cover-is-layout-flow\">\n<div class=\"wp-block-group is-layout-flow wp-block-group-is-layout-flow\"><div class=\"wp-block-group__inner-container\">\n<div style=\"height:0px\" aria-hidden=\"true\" class=\"wp-block-spacer\"><\/div>\n\n\n\n<div class=\"wp-block-columns are-vertically-aligned-center is-layout-flex wp-container-core-columns-layout-2 wp-block-columns-is-layout-flex\">\n<div class=\"wp-block-column is-vertically-aligned-center is-layout-flow wp-block-column-is-layout-flow\" style=\"flex-basis:50%\">\n<p><\/p>\n\n\n\n<h2 class=\"wp-block-heading has-text-align-left has-neve-text-color-color has-text-color\">Qu\u00e8 hi trobar\u00e0s?<\/h2>\n\n\n\n<p class=\"has-text-align-left has-neve-text-color-color has-text-color\" style=\"font-size:17px\">Let&#8217;s Move! \u00e9s un centre de fisioer\u00e0pia i rehabilitaci\u00f3 on podr\u00e0s trobar totes les eines per sol\u00b7lucionar les teves lesions o dol\u00e8ncies i evitar que n&#8217;apareguin de noves. <\/p>\n\n\n\n<p>Les principals especialitats s\u00f3n:<\/p>\n\n\n\n<div class=\"wp-block-buttons is-horizontal is-content-justification-left is-layout-flex wp-container-core-buttons-layout-2 wp-block-buttons-is-layout-flex\">\n<div class=\"wp-block-button is-style-primary\"><a class=\"wp-block-button__link wp-element-button\" href=\"https:\/\/fisioterapialetsmove.es\/?page_id=469\" target=\"_blank\" rel=\"noreferrer noopener\">Fisioter\u00e0pia traumatol\u00f2gica i post-quir\u00fargica<\/a><\/div>\n\n\n\n<div class=\"wp-block-button is-style-primary\"><a class=\"wp-block-button__link wp-element-button\" href=\"https:\/\/fisioterapialetsmove.es\/?page_id=471\" target=\"_blank\" rel=\"noreferrer noopener\">Fisioter\u00e0pia esportiva i d&#8217;esports art\u00edstics<\/a><\/div>\n\n\n\n<div class=\"wp-block-button is-style-primary\"><a class=\"wp-block-button__link wp-element-button\" href=\"https:\/\/fisioterapialetsmove.es\/?page_id=473\" target=\"_blank\" rel=\"noreferrer noopener\">Fisioter\u00e0pia de la m\u00fasica<\/a><\/div>\n\n\n\n<div class=\"wp-block-button is-style-primary\"><a class=\"wp-block-button__link wp-element-button\" href=\"https:\/\/fisioterapialetsmove.es\/?page_id=475\" target=\"_blank\" rel=\"noreferrer noopener\">Fisioter\u00e0pia de la dansa i arts esc\u00e8niques<\/a><\/div>\n\n\n\n<div class=\"wp-block-button is-style-primary\"><a class=\"wp-block-button__link wp-element-button\" href=\"https:\/\/fisioterapialetsmove.es\/?page_id=477\" target=\"_blank\" rel=\"noreferrer noopener\">Rehabilitaci\u00f3 i reeducaci\u00f3 abdominal i biomec\u00e0nica respirat\u00f2ria<\/a><\/div>\n\n\n\n<div class=\"wp-block-button is-style-primary\"><a class=\"wp-block-button__link wp-element-button\" href=\"https:\/\/fisioterapialetsmove.es\/?page_id=480\" target=\"_blank\" rel=\"noreferrer noopener\">Fisioterpapia en transtorns de la migranya i ATM<\/a><\/div>\n<\/div>\n\n\n\n<div style=\"height:40px\" aria-hidden=\"true\" class=\"wp-block-spacer\"><\/div>\n<\/div>\n\n\n\n<div class=\"wp-block-column is-vertically-aligned-center is-layout-flow wp-block-column-is-layout-flow\" style=\"flex-basis:50%\"><div class=\"wp-block-image\">\n<figure class=\"alignright size-large is-resized\"><img loading=\"lazy\" decoding=\"async\" width=\"878\" height=\"1024\" src=\"https:\/\/fisioterapialetsmove.es\/wp-content\/uploads\/2024\/12\/IMG_7068-3-878x1024.jpg\" alt=\"\" class=\"wp-image-717\" style=\"width:477px;height:auto\" srcset=\"https:\/\/fisioterapialetsmove.es\/wp-content\/uploads\/2024\/12\/IMG_7068-3-878x1024.jpg 878w, https:\/\/fisioterapialetsmove.es\/wp-content\/uploads\/2024\/12\/IMG_7068-3-257x300.jpg 257w, https:\/\/fisioterapialetsmove.es\/wp-content\/uploads\/2024\/12\/IMG_7068-3-768x895.jpg 768w, https:\/\/fisioterapialetsmove.es\/wp-content\/uploads\/2024\/12\/IMG_7068-3.jpg 922w\" sizes=\"(max-width: 878px) 100vw, 878px\" \/><\/figure><\/div><\/div>\n<\/div>\n\n\n\n<div style=\"height:8px\" aria-hidden=\"true\" class=\"wp-block-spacer\"><\/div>\n<\/div><\/div>\n<\/div><\/div>\n\n\n\n<div class=\"wp-block-cover alignfull\" style=\"min-height:50px\"><span aria-hidden=\"true\" class=\"wp-block-cover__background has-nv-light-bg-background-color has-background-dim-100 has-background-dim\"><\/span><div class=\"wp-block-cover__inner-container is-layout-flow wp-block-cover-is-layout-flow\">\n<p class=\"has-text-align-center has-large-font-size\"><\/p>\n<\/div><\/div>\n\n\n\n<div class=\"wp-block-columns is-layout-flex wp-container-core-columns-layout-3 wp-block-columns-is-layout-flex\">\n<div class=\"wp-block-column is-layout-flow wp-block-column-is-layout-flow\"><div class=\"wp-block-image\">\n<figure class=\"aligncenter size-full is-resized\"><img loading=\"lazy\" decoding=\"async\" width=\"972\" height=\"972\" src=\"https:\/\/fisioterapialetsmove.es\/wp-content\/uploads\/2024\/05\/LETS-MOVE-COR-1.png\" alt=\"\" class=\"wp-image-635\" style=\"width:115px;height:auto\" srcset=\"https:\/\/fisioterapialetsmove.es\/wp-content\/uploads\/2024\/05\/LETS-MOVE-COR-1.png 972w, https:\/\/fisioterapialetsmove.es\/wp-content\/uploads\/2024\/05\/LETS-MOVE-COR-1-300x300.png 300w, https:\/\/fisioterapialetsmove.es\/wp-content\/uploads\/2024\/05\/LETS-MOVE-COR-1-150x150.png 150w, https:\/\/fisioterapialetsmove.es\/wp-content\/uploads\/2024\/05\/LETS-MOVE-COR-1-768x768.png 768w\" sizes=\"(max-width: 972px) 100vw, 972px\" \/><\/figure><\/div>\n\n\n<h3 class=\"wp-block-heading has-text-align-center\">Tracte personalitzat<\/h3>\n\n\n\n<p class=\"has-text-align-center\">Totes les sessions estan espec\u00edficament dissenyades en base al teu propi context de salut<\/p>\n<\/div>\n\n\n\n<div class=\"wp-block-column is-layout-flow wp-block-column-is-layout-flow\"><div class=\"wp-block-image\">\n<figure class=\"aligncenter size-full is-resized\"><img loading=\"lazy\" decoding=\"async\" width=\"972\" height=\"972\" src=\"https:\/\/fisioterapialetsmove.es\/wp-content\/uploads\/2024\/05\/LETS-MOVE-COR-1.png\" alt=\"\" class=\"wp-image-635\" style=\"width:115px;height:auto\" srcset=\"https:\/\/fisioterapialetsmove.es\/wp-content\/uploads\/2024\/05\/LETS-MOVE-COR-1.png 972w, https:\/\/fisioterapialetsmove.es\/wp-content\/uploads\/2024\/05\/LETS-MOVE-COR-1-300x300.png 300w, https:\/\/fisioterapialetsmove.es\/wp-content\/uploads\/2024\/05\/LETS-MOVE-COR-1-150x150.png 150w, https:\/\/fisioterapialetsmove.es\/wp-content\/uploads\/2024\/05\/LETS-MOVE-COR-1-768x768.png 768w\" sizes=\"(max-width: 972px) 100vw, 972px\" \/><\/figure><\/div>\n\n\n<h3 class=\"wp-block-heading has-text-align-center\">Sessions individuals<\/h3>\n\n\n\n<p class=\"has-text-align-center\">Les sessions s\u00f3n individuals, de manera que l&#8217;atenci\u00f3 del professional sanitari \u00e9s plena i exclusiva<\/p>\n<\/div>\n\n\n\n<div class=\"wp-block-column is-layout-flow wp-block-column-is-layout-flow\"><div class=\"wp-block-image\">\n<figure class=\"aligncenter size-full is-resized\"><img loading=\"lazy\" decoding=\"async\" width=\"972\" height=\"972\" src=\"https:\/\/fisioterapialetsmove.es\/wp-content\/uploads\/2024\/05\/LETS-MOVE-COR-1.png\" alt=\"\" class=\"wp-image-635\" style=\"width:115px;height:auto\" srcset=\"https:\/\/fisioterapialetsmove.es\/wp-content\/uploads\/2024\/05\/LETS-MOVE-COR-1.png 972w, https:\/\/fisioterapialetsmove.es\/wp-content\/uploads\/2024\/05\/LETS-MOVE-COR-1-300x300.png 300w, https:\/\/fisioterapialetsmove.es\/wp-content\/uploads\/2024\/05\/LETS-MOVE-COR-1-150x150.png 150w, https:\/\/fisioterapialetsmove.es\/wp-content\/uploads\/2024\/05\/LETS-MOVE-COR-1-768x768.png 768w\" sizes=\"(max-width: 972px) 100vw, 972px\" \/><\/figure><\/div>\n\n\n<h3 class=\"wp-block-heading has-text-align-center\">Seguiment telem\u00e0tic<\/h3>\n\n\n\n<p class=\"has-text-align-center\">Els tractaments inclouen seguiment de l&#8217;evoluci\u00f3 i resoluci\u00f3 de dubtes per tel\u00e8fon o Whatsapp<\/p>\n<\/div>\n<\/div>\n\n\n\n<div class=\"wp-block-cover alignfull\" style=\"min-height:600px\"><span aria-hidden=\"true\" class=\"wp-block-cover__background has-nv-light-bg-background-color has-background-dim-100 has-background-dim\"><\/span><div class=\"wp-block-cover__inner-container is-layout-flow wp-block-cover-is-layout-flow\">\n<div class=\"wp-block-group is-layout-flow wp-block-group-is-layout-flow\"><div class=\"wp-block-group__inner-container\">\n<p><\/p>\n\n\n\n<p><\/p>\n\n\n\n<p><\/p>\n\n\n\n<h2 class=\"wp-block-heading has-text-align-left has-neve-text-color-color has-text-color\">Els valors de Let&#8217;s Move!<\/h2>\n\n\n\n<p class=\"has-text-align-left has-neve-text-color-color has-text-color\" style=\"font-size:17px\">A Let&#8217;s Move! es lluita pels tractaments <strong>personalitzats<\/strong> i es persegueix l&#8217;objectiu de millorar la <strong>qualitat de vida<\/strong> dels pacients, per\u00f2 tamb\u00e9 la seva <strong>autonomia<\/strong>. <\/p>\n\n\n\n<p class=\"has-text-align-left has-neve-text-color-color has-text-color\" style=\"font-size:17px\">En els tractaments, \u00e9s clau proporcionar als nostres pacients les <strong>eines<\/strong> necess\u00e0ries per a que no nom\u00e9s puguin mantenir la seva milloria, sin\u00f3 que tamb\u00e9 puguin <strong>entendre el seu cos<\/strong> per <strong>aprendre<\/strong> <strong>a gestionar la seva salut<\/strong>.<\/p>\n\n\n\n<p class=\"has-text-align-left has-neve-text-color-color has-text-color\" style=\"font-size:17px\">L&#8217;<strong>empatia<\/strong>, l&#8217;<strong>escolta activa<\/strong>, i treballar amb passi\u00f3 s\u00f3n els ingredients principals de les sessions a Let&#8217;s Move!.<\/p>\n\n\n\n<div style=\"height:0px\" aria-hidden=\"true\" class=\"wp-block-spacer\"><\/div>\n<\/div><\/div>\n<\/div><\/div>\n\n\n\n<p><\/p>\n\n\n\n<div class=\"wp-block-cover alignfull\" style=\"min-height:617px\"><span aria-hidden=\"true\" class=\"wp-block-cover__background has-nv-site-bg-background-color has-background-dim-100 has-background-dim\"><\/span><div class=\"wp-block-cover__inner-container is-layout-flow wp-block-cover-is-layout-flow\">\n<div class=\"wp-block-group is-layout-flow wp-block-group-is-layout-flow\"><div class=\"wp-block-group__inner-container\">\n<div style=\"height:0px\" aria-hidden=\"true\" class=\"wp-block-spacer\"><\/div>\n\n\n\n<div class=\"wp-block-columns are-vertically-aligned-center is-layout-flex wp-container-core-columns-layout-4 wp-block-columns-is-layout-flex\">\n<div class=\"wp-block-column is-vertically-aligned-center is-layout-flow wp-block-column-is-layout-flow\" style=\"flex-basis:50%\">\n<h2 class=\"wp-block-heading has-text-align-left has-neve-text-color-color has-text-color\">On trobar Let&#8217;s Move!<\/h2>\n\n\n\n<figure class=\"wp-block-image size-large\"><img loading=\"lazy\" decoding=\"async\" width=\"631\" height=\"1024\" src=\"https:\/\/fisioterapialetsmove.es\/wp-content\/uploads\/2025\/12\/IMG_6746-2-631x1024.jpg\" alt=\"\" class=\"wp-image-815\" srcset=\"https:\/\/fisioterapialetsmove.es\/wp-content\/uploads\/2025\/12\/IMG_6746-2-631x1024.jpg 631w, https:\/\/fisioterapialetsmove.es\/wp-content\/uploads\/2025\/12\/IMG_6746-2-185x300.jpg 185w, https:\/\/fisioterapialetsmove.es\/wp-content\/uploads\/2025\/12\/IMG_6746-2-768x1247.jpg 768w, https:\/\/fisioterapialetsmove.es\/wp-content\/uploads\/2025\/12\/IMG_6746-2.jpg 833w\" sizes=\"(max-width: 631px) 100vw, 631px\" \/><\/figure>\n\n\n\n<p id=\"block-26062dbf-f363-4ec9-9816-d6a901500ee2\"><\/p>\n\n\n\n<p class=\"has-text-align-left has-neve-text-color-color has-text-color\" style=\"font-size:17px\"><\/p>\n<\/div>\n\n\n\n<div class=\"wp-block-column is-vertically-aligned-center is-layout-flow wp-block-column-is-layout-flow\" style=\"flex-basis:50%\">\n<div class=\"wp-block-group is-layout-constrained wp-block-group-is-layout-constrained\"><div class=\"wp-block-group__inner-container\"><div style=\"height:400pxpx;\" class=\"wp-block-themeisle-blocks-leaflet-map\" id=\"wp-block-themeisle-blocks-leaflet-map-daec717e\"><\/div>\n<script type=\"text\/javascript\">\n\t\/* <![CDATA[ *\/\n\t\tif ( ! window.themeisleLeafletMaps ) window.themeisleLeafletMaps =[];\n\t\twindow.themeisleLeafletMaps.push( { container: \"wp-block-themeisle-blocks-leaflet-map-daec717e\", attributes: {\"id\":\"wp-block-themeisle-blocks-leaflet-map-daec717e\",\"latitude\":\"41.92475971933977\",\"longitude\":\"3.192214965820313\",\"bbox\":\"3.094711303710938,41.87365126992508,3.2897186279296875,41.97582726102573\",\"zoom\":12,\"location\":\"La Sagrada Familia, Barcelona, Spain\",\"height\":\"400px\",\"markers\":[],\"zoomControl\":true,\"draggable\":true,\"hasCustomCSS\":false,\"customCSS\":\"\",\"otterConditions\":[]} } );\n\t\/* ]]> *\/\n<\/script>\n<\/div><\/div>\n<\/div>\n<\/div>\n<\/div><\/div>\n\n\n\n<p class=\"has-text-align-left has-neve-text-color-color has-text-color\" style=\"font-size:17px\"><strong>Ens trobar\u00e0s al Carrer Ample 86 B de Palafrugell (Girona).<\/strong> Truca o envia un Whatsapp al tel\u00e8fon <strong>+34 637 03 13 54<\/strong>. <\/p>\n\n\n\n<p class=\"has-text-align-left has-neve-text-color-color has-text-color\" style=\"font-size:17px\">L&#8217;horari d&#8217;atenci\u00f3 \u00e9s de <strong>dilluns a divendres de 9h a 20h i dissabte de 10h a 14h<\/strong>. <\/p>\n\n\n\n<p><\/p>\n\n\n\n<p><\/p>\n<\/div><\/div>\n\n\n\n<div id=\"wp-block-themeisle-blocks-advanced-columns-6dc1f86b\" class=\"wp-block-themeisle-blocks-advanced-columns has-1-columns has-desktop-equal-layout has-tablet-equal-layout has-mobile-equal-layout has-vertical-unset\"><div class=\"wp-block-themeisle-blocks-advanced-columns-overlay\"><\/div><div class=\"innerblocks-wrap\">\n\n<div id=\"wp-block-themeisle-blocks-advanced-column-a524d9bc\" class=\"wp-block-themeisle-blocks-advanced-column\"><\/div>\n\n<\/div><\/div>\n\n\n\n<div class=\"wp-block-cover alignfull is-light\" style=\"min-height:186px\"><span aria-hidden=\"true\" class=\"wp-block-cover__background has-background-dim-0 has-background-dim\"><\/span><img loading=\"lazy\" decoding=\"async\" width=\"1576\" height=\"1240\" class=\"wp-block-cover__image-background wp-image-695\" alt=\"\" src=\"https:\/\/fisioterapialetsmove.es\/wp-content\/uploads\/2024\/12\/Captura-de-pantalla-2024-12-06-a-las-18.23.13.png\" data-object-fit=\"cover\" srcset=\"https:\/\/fisioterapialetsmove.es\/wp-content\/uploads\/2024\/12\/Captura-de-pantalla-2024-12-06-a-las-18.23.13.png 1576w, https:\/\/fisioterapialetsmove.es\/wp-content\/uploads\/2024\/12\/Captura-de-pantalla-2024-12-06-a-las-18.23.13-300x236.png 300w, https:\/\/fisioterapialetsmove.es\/wp-content\/uploads\/2024\/12\/Captura-de-pantalla-2024-12-06-a-las-18.23.13-1024x806.png 1024w, https:\/\/fisioterapialetsmove.es\/wp-content\/uploads\/2024\/12\/Captura-de-pantalla-2024-12-06-a-las-18.23.13-768x604.png 768w, https:\/\/fisioterapialetsmove.es\/wp-content\/uploads\/2024\/12\/Captura-de-pantalla-2024-12-06-a-las-18.23.13-1536x1209.png 1536w\" sizes=\"(max-width: 1576px) 100vw, 1576px\" \/><div class=\"wp-block-cover__inner-container is-layout-flow wp-block-cover-is-layout-flow\">\n<p class=\"has-text-align-center has-large-font-size\"><\/p>\n<\/div><\/div>\n\n\n\n<div style=\"height:0px\" aria-hidden=\"true\" class=\"wp-block-spacer\"><\/div>\n\n\n<div class=\"wp-block-image\">\n<figure class=\"aligncenter size-large is-resized\"><img loading=\"lazy\" decoding=\"async\" width=\"1024\" height=\"580\" src=\"https:\/\/fisioterapialetsmove.es\/wp-content\/uploads\/2024\/12\/POSTS-LETS-MOVE-horitzontal-fons-blanc-estret-1-1024x580.png\" alt=\"\" class=\"wp-image-752\" style=\"width:583px;height:auto\" srcset=\"https:\/\/fisioterapialetsmove.es\/wp-content\/uploads\/2024\/12\/POSTS-LETS-MOVE-horitzontal-fons-blanc-estret-1-1024x580.png 1024w, https:\/\/fisioterapialetsmove.es\/wp-content\/uploads\/2024\/12\/POSTS-LETS-MOVE-horitzontal-fons-blanc-estret-1-300x170.png 300w, https:\/\/fisioterapialetsmove.es\/wp-content\/uploads\/2024\/12\/POSTS-LETS-MOVE-horitzontal-fons-blanc-estret-1-768x435.png 768w, https:\/\/fisioterapialetsmove.es\/wp-content\/uploads\/2024\/12\/POSTS-LETS-MOVE-horitzontal-fons-blanc-estret-1.png 1072w\" sizes=\"(max-width: 1024px) 100vw, 1024px\" \/><\/figure><\/div>\n\n\n<div class=\"wp-block-cover alignfull\" style=\"min-height:50px\"><span aria-hidden=\"true\" class=\"wp-block-cover__background has-nv-light-bg-background-color has-background-dim-100 has-background-dim\"><\/span><div class=\"wp-block-cover__inner-container is-layout-flow wp-block-cover-is-layout-flow\">\n<p class=\"has-text-align-center\">www.fisioterapialetsmove.es<\/p>\n<\/div><\/div>\n\n\n\n<p><\/p>\n","protected":false},"excerpt":{"rendered":"<p>El moviment \u00e9s vida @letsmove.fisio Tracte personalitzat Totes les sessions estan espec\u00edficament dissenyades en base al teu propi context de salut Sessions individuals Les sessions s\u00f3n individuals, de manera que l&#8217;atenci\u00f3 del professional sanitari \u00e9s plena i exclusiva Seguiment telem\u00e0tic Els tractaments inclouen seguiment de l&#8217;evoluci\u00f3 i resoluci\u00f3 de dubtes per tel\u00e8fon o Whatsapp<\/p>\n","protected":false},"author":1,"featured_media":0,"parent":0,"menu_order":0,"comment_status":"closed","ping_status":"closed","template":"","meta":{"neve_meta_sidebar":"default","neve_meta_container":"default","neve_meta_enable_content_width":"on","neve_meta_content_width":100,"neve_meta_title_alignment":"","neve_meta_author_avatar":"","neve_post_elements_order":"","neve_meta_disable_header":"","neve_meta_disable_footer":"","neve_meta_disable_title":"on","_themeisle_gutenberg_block_has_review":false,"_ti_tpc_template_sync":false,"_ti_tpc_template_id":"5udqur826ojgsxrmsxsc","footnotes":""},"aioseo_notices":[],"_links":{"self":[{"href":"https:\/\/fisioterapialetsmove.es\/index.php?rest_route=\/wp\/v2\/pages\/308"}],"collection":[{"href":"https:\/\/fisioterapialetsmove.es\/index.php?rest_route=\/wp\/v2\/pages"}],"about":[{"href":"https:\/\/fisioterapialetsmove.es\/index.php?rest_route=\/wp\/v2\/types\/page"}],"author":[{"embeddable":true,"href":"https:\/\/fisioterapialetsmove.es\/index.php?rest_route=\/wp\/v2\/users\/1"}],"replies":[{"embeddable":true,"href":"https:\/\/fisioterapialetsmove.es\/index.php?rest_route=%2Fwp%2Fv2%2Fcomments&post=308"}],"version-history":[{"count":98,"href":"https:\/\/fisioterapialetsmove.es\/index.php?rest_route=\/wp\/v2\/pages\/308\/revisions"}],"predecessor-version":[{"id":816,"href":"https:\/\/fisioterapialetsmove.es\/index.php?rest_route=\/wp\/v2\/pages\/308\/revisions\/816"}],"wp:attachment":[{"href":"https:\/\/fisioterapialetsmove.es\/index.php?rest_route=%2Fwp%2Fv2%2Fmedia&parent=308"}],"curies":[{"name":"wp","href":"https:\/\/api.w.org\/{rel}","templated":true}]}}