{"id":469,"date":"2024-03-15T19:03:38","date_gmt":"2024-03-15T17:03:38","guid":{"rendered":"https:\/\/fisioterapialetsmove.es\/?page_id=469"},"modified":"2025-03-28T17:23:46","modified_gmt":"2025-03-28T15:23:46","slug":"fisioterapia-traumatologica-i-post-quirurgica","status":"publish","type":"page","link":"https:\/\/fisioterapialetsmove.es\/?page_id=469","title":{"rendered":"Fisioter\u00e0pia traumatol\u00f2gica i post-quir\u00fargica"},"content":{"rendered":"\n<h2 class=\"wp-block-heading\"><\/h2>\n\n\n\n<div class=\"wp-block-cover alignfull\" style=\"min-height:733px\"><span aria-hidden=\"true\" class=\"wp-block-cover__background has-nv-light-bg-background-color has-background-dim\"><\/span><img loading=\"lazy\" decoding=\"async\" width=\"1284\" height=\"1284\" class=\"wp-block-cover__image-background wp-image-443\" alt=\"\" src=\"https:\/\/fisioterapialetsmove.es\/wp-content\/uploads\/2024\/03\/IMG_1787-2.jpg\" data-object-fit=\"cover\" srcset=\"https:\/\/fisioterapialetsmove.es\/wp-content\/uploads\/2024\/03\/IMG_1787-2.jpg 1284w, https:\/\/fisioterapialetsmove.es\/wp-content\/uploads\/2024\/03\/IMG_1787-2-300x300.jpg 300w, https:\/\/fisioterapialetsmove.es\/wp-content\/uploads\/2024\/03\/IMG_1787-2-1024x1024.jpg 1024w, https:\/\/fisioterapialetsmove.es\/wp-content\/uploads\/2024\/03\/IMG_1787-2-150x150.jpg 150w, https:\/\/fisioterapialetsmove.es\/wp-content\/uploads\/2024\/03\/IMG_1787-2-768x768.jpg 768w\" sizes=\"(max-width: 1284px) 100vw, 1284px\" \/><div class=\"wp-block-cover__inner-container is-layout-flow wp-block-cover-is-layout-flow\">\n<div class=\"wp-block-group is-layout-flow wp-block-group-is-layout-flow\"><div class=\"wp-block-group__inner-container\">\n<div class=\"wp-block-columns is-layout-flex wp-container-core-columns-layout-1 wp-block-columns-is-layout-flex\">\n<div class=\"wp-block-column is-layout-flow wp-block-column-is-layout-flow\">\n<figure class=\"wp-block-image size-large\"><img loading=\"lazy\" decoding=\"async\" width=\"1024\" height=\"1024\" src=\"https:\/\/fisioterapialetsmove.es\/wp-content\/uploads\/2024\/03\/IMG_1787-2-1024x1024.jpg\" alt=\"\" class=\"wp-image-443\" srcset=\"https:\/\/fisioterapialetsmove.es\/wp-content\/uploads\/2024\/03\/IMG_1787-2-1024x1024.jpg 1024w, https:\/\/fisioterapialetsmove.es\/wp-content\/uploads\/2024\/03\/IMG_1787-2-300x300.jpg 300w, https:\/\/fisioterapialetsmove.es\/wp-content\/uploads\/2024\/03\/IMG_1787-2-150x150.jpg 150w, https:\/\/fisioterapialetsmove.es\/wp-content\/uploads\/2024\/03\/IMG_1787-2-768x768.jpg 768w, https:\/\/fisioterapialetsmove.es\/wp-content\/uploads\/2024\/03\/IMG_1787-2.jpg 1284w\" sizes=\"(max-width: 1024px) 100vw, 1024px\" \/><\/figure>\n<\/div>\n\n\n\n<div class=\"wp-block-column is-layout-flow wp-block-column-is-layout-flow\">\n<p><\/p>\n\n\n\n<h2 class=\"wp-block-heading has-neve-text-color-color has-text-color\">Fisioter\u00e0pia traumatol\u00f2gica i post-quir\u00fargica<\/h2>\n\n\n\n<p class=\"has-neve-text-color-color has-text-color\" style=\"font-size:17px\">Tractament de<strong> lesions de musculoesquel\u00e8tiques<\/strong> dins i fora de l&#8217;\u00e0mbit esportiu. <\/p>\n\n\n\n<p class=\"has-neve-text-color-color has-text-color\" style=\"font-size:17px\"><strong>Rehabilitaci\u00f3 pre-opoerat\u00f2ria<\/strong>: reequilibri articular i muscular per establir una base estructural estable abans del proc\u00e9s quir\u00fargic. <\/p>\n\n\n\n<p class=\"has-neve-text-color-color has-text-color\" style=\"font-size:17px\"><strong>Rehabilitaci\u00f3 i readaptaci\u00f3 post-operat\u00f2ria<\/strong>: seguiment de tot el proc\u00e9s de rehabilitaci\u00f3 des de la operaci\u00f3 fins l&#8217;alta, incloent la readaptaci\u00f3 a les activitats funcionals de la vida di\u00e0ria. . <\/p>\n<\/div>\n<\/div>\n\n\n\n<div style=\"height:40px\" aria-hidden=\"true\" class=\"wp-block-spacer\"><\/div>\n<\/div><\/div>\n<\/div><\/div>\n\n\n\n<div class=\"wp-block-columns is-layout-flex wp-container-core-columns-layout-2 wp-block-columns-is-layout-flex\">\n<div class=\"wp-block-column is-layout-flow wp-block-column-is-layout-flow\" style=\"flex-basis:100%\">\n<div id=\"wp-block-themeisle-blocks-advanced-columns-4a0b8d8f\" class=\"wp-block-themeisle-blocks-advanced-columns has-1-columns has-desktop-oneTwo-layout has-tablet-equal-layout has-mobile-collapsedRows-layout has-vertical-unset\"><div class=\"wp-block-themeisle-blocks-advanced-columns-overlay\"><\/div><div class=\"innerblocks-wrap\">\n<div id=\"wp-block-themeisle-blocks-advanced-column-61e27a8d\" class=\"wp-block-themeisle-blocks-advanced-column\">\n<div style=\"height:100px\" aria-hidden=\"true\" class=\"wp-block-spacer\"><\/div>\n<\/div>\n<\/div><\/div>\n<\/div>\n<\/div>\n\n\n\n<p><\/p>\n\n\n\n<div class=\"wp-block-cover alignfull is-light wp-duotone-rgb535192-rgba4169255051-1\" style=\"margin-top:0;padding-top:5vw;padding-right:5vw;padding-bottom:5vw;padding-left:5vw\"><span aria-hidden=\"true\" class=\"wp-block-cover__background has-background-dim-60 has-background-dim\" style=\"background-color:#c2b7a4\"><\/span><img loading=\"lazy\" decoding=\"async\" width=\"1576\" height=\"1240\" class=\"wp-block-cover__image-background wp-image-695\" alt=\"\" src=\"https:\/\/fisioterapialetsmove.es\/wp-content\/uploads\/2024\/12\/Captura-de-pantalla-2024-12-06-a-las-18.23.13.png\" data-object-fit=\"cover\" srcset=\"https:\/\/fisioterapialetsmove.es\/wp-content\/uploads\/2024\/12\/Captura-de-pantalla-2024-12-06-a-las-18.23.13.png 1576w, https:\/\/fisioterapialetsmove.es\/wp-content\/uploads\/2024\/12\/Captura-de-pantalla-2024-12-06-a-las-18.23.13-300x236.png 300w, https:\/\/fisioterapialetsmove.es\/wp-content\/uploads\/2024\/12\/Captura-de-pantalla-2024-12-06-a-las-18.23.13-1024x806.png 1024w, https:\/\/fisioterapialetsmove.es\/wp-content\/uploads\/2024\/12\/Captura-de-pantalla-2024-12-06-a-las-18.23.13-768x604.png 768w, https:\/\/fisioterapialetsmove.es\/wp-content\/uploads\/2024\/12\/Captura-de-pantalla-2024-12-06-a-las-18.23.13-1536x1209.png 1536w\" sizes=\"(max-width: 1576px) 100vw, 1576px\" \/><div class=\"wp-block-cover__inner-container is-layout-flow wp-block-cover-is-layout-flow\">\n<div style=\"height:48px\" aria-hidden=\"true\" class=\"wp-block-spacer\"><\/div>\n\n\n\n<div style=\"height:48px\" aria-hidden=\"true\" class=\"wp-block-spacer\"><\/div>\n\n\n\n<h2 class=\"wp-block-heading alignwide\" style=\"font-size:46px;font-weight:400;line-height:1.1\"><em>PROCESSOS POST-QUIR\u00daRGICS<\/em><\/h2>\n\n\n\n<h3 class=\"wp-block-heading alignwide\" style=\"font-size:46px;font-weight:400;line-height:1.1\"><\/h3>\n\n\n\n<hr class=\"wp-block-separator has-alpha-channel-opacity\"\/>\n\n\n\n<div style=\"height:50px\" aria-hidden=\"true\" class=\"wp-block-spacer\"><\/div>\n\n\n\n<div class=\"wp-block-columns is-layout-flex wp-container-core-columns-layout-3 wp-block-columns-is-layout-flex\">\n<div class=\"wp-block-column is-layout-flow wp-block-column-is-layout-flow\">\n<p>\u00b7 <strong>Pr\u00f2tesis de maluc i de genoll<\/strong><\/p>\n\n\n\n<p><strong>\u00b7 Intervencions quir\u00fargiques de neurocirurgia<\/strong><\/p>\n\n\n\n<p><strong>\u00b7 Intervencions quir\u00fargiques de fractures d&#8217;extremitat superior, tronc i extremitat inferior<\/strong><\/p>\n\n\n\n<p><strong>\u00b7 Intervencions quir\u00fargiques amb qualsevol material d&#8217;osteos\u00edntesi (plaques, cargols, etc\u00e8tera)<\/strong><\/p>\n<\/div>\n<\/div>\n\n\n\n<div style=\"height:50px\" aria-hidden=\"true\" class=\"wp-block-spacer\"><\/div>\n\n\n\n<div class=\"wp-block-columns alignwide is-layout-flex wp-container-core-columns-layout-4 wp-block-columns-is-layout-flex\">\n<div class=\"wp-block-column is-layout-flow wp-block-column-is-layout-flow\">\n<p class=\"has-text-align-center\" style=\"font-size:25px\">M\u00c9S INFORMACI\u00d3 A: <\/p>\n\n\n\n<p class=\"has-text-align-center\" style=\"font-size:25px\">+34 637 03 13 54<\/p>\n<\/div>\n\n\n\n<div class=\"wp-block-column is-layout-flow wp-block-column-is-layout-flow\">\n<p class=\"has-text-align-center\" style=\"font-size:25px\">INSTAGRAM: <\/p>\n\n\n\n<p class=\"has-text-align-center\" style=\"font-size:25px\"><a href=\"#\" target=\"_blank\" rel=\"noopener\" title=\"@IMMA.PHYSIO\">@LETSMOVE.FISIO<\/a><\/p>\n<\/div>\n<\/div>\n<\/div><\/div>\n\n\n<div class=\"wp-block-image\">\n<figure class=\"aligncenter size-large is-resized\"><img loading=\"lazy\" decoding=\"async\" width=\"1024\" height=\"1024\" src=\"https:\/\/fisioterapialetsmove.es\/wp-content\/uploads\/2024\/12\/POSTS-LETS-MOVE-fons-blanc-copia-1024x1024.png\" alt=\"\" class=\"wp-image-746\" style=\"width:515px;height:auto\" srcset=\"https:\/\/fisioterapialetsmove.es\/wp-content\/uploads\/2024\/12\/POSTS-LETS-MOVE-fons-blanc-copia-1024x1024.png 1024w, https:\/\/fisioterapialetsmove.es\/wp-content\/uploads\/2024\/12\/POSTS-LETS-MOVE-fons-blanc-copia-300x300.png 300w, https:\/\/fisioterapialetsmove.es\/wp-content\/uploads\/2024\/12\/POSTS-LETS-MOVE-fons-blanc-copia-150x150.png 150w, https:\/\/fisioterapialetsmove.es\/wp-content\/uploads\/2024\/12\/POSTS-LETS-MOVE-fons-blanc-copia-768x768.png 768w, https:\/\/fisioterapialetsmove.es\/wp-content\/uploads\/2024\/12\/POSTS-LETS-MOVE-fons-blanc-copia.png 1080w\" sizes=\"(max-width: 1024px) 100vw, 1024px\" \/><\/figure><\/div>\n\n\n<div class=\"wp-block-cover alignfull\" style=\"min-height:53px\"><span aria-hidden=\"true\" class=\"wp-block-cover__background has-nv-light-bg-background-color has-background-dim-100 has-background-dim\"><\/span><div class=\"wp-block-cover__inner-container is-layout-flow wp-block-cover-is-layout-flow\">\n<p class=\"has-text-align-center has-large-font-size\"><\/p>\n<\/div><\/div>\n","protected":false},"excerpt":{"rendered":"","protected":false},"author":1,"featured_media":0,"parent":69,"menu_order":0,"comment_status":"closed","ping_status":"closed","template":"","meta":{"neve_meta_sidebar":"","neve_meta_container":"","neve_meta_enable_content_width":"","neve_meta_content_width":0,"neve_meta_title_alignment":"","neve_meta_author_avatar":"","neve_post_elements_order":"","neve_meta_disable_header":"","neve_meta_disable_footer":"","neve_meta_disable_title":"","_themeisle_gutenberg_block_has_review":false,"_ti_tpc_template_sync":false,"_ti_tpc_template_id":"","footnotes":""},"aioseo_notices":[],"_links":{"self":[{"href":"https:\/\/fisioterapialetsmove.es\/index.php?rest_route=\/wp\/v2\/pages\/469"}],"collection":[{"href":"https:\/\/fisioterapialetsmove.es\/index.php?rest_route=\/wp\/v2\/pages"}],"about":[{"href":"https:\/\/fisioterapialetsmove.es\/index.php?rest_route=\/wp\/v2\/types\/page"}],"author":[{"embeddable":true,"href":"https:\/\/fisioterapialetsmove.es\/index.php?rest_route=\/wp\/v2\/users\/1"}],"replies":[{"embeddable":true,"href":"https:\/\/fisioterapialetsmove.es\/index.php?rest_route=%2Fwp%2Fv2%2Fcomments&post=469"}],"version-history":[{"count":21,"href":"https:\/\/fisioterapialetsmove.es\/index.php?rest_route=\/wp\/v2\/pages\/469\/revisions"}],"predecessor-version":[{"id":769,"href":"https:\/\/fisioterapialetsmove.es\/index.php?rest_route=\/wp\/v2\/pages\/469\/revisions\/769"}],"up":[{"embeddable":true,"href":"https:\/\/fisioterapialetsmove.es\/index.php?rest_route=\/wp\/v2\/pages\/69"}],"wp:attachment":[{"href":"https:\/\/fisioterapialetsmove.es\/index.php?rest_route=%2Fwp%2Fv2%2Fmedia&parent=469"}],"curies":[{"name":"wp","href":"https:\/\/api.w.org\/{rel}","templated":true}]}}