{"id":471,"date":"2024-03-15T19:04:14","date_gmt":"2024-03-15T17:04:14","guid":{"rendered":"https:\/\/fisioterapialetsmove.es\/?page_id=471"},"modified":"2024-12-16T22:30:15","modified_gmt":"2024-12-16T20:30:15","slug":"fisioterapia-esport","status":"publish","type":"page","link":"https:\/\/fisioterapialetsmove.es\/?page_id=471","title":{"rendered":"Fisioter\u00e0pia i readaptaci\u00f3 esportiva"},"content":{"rendered":"\n<h2 class=\"wp-block-heading\"><\/h2>\n\n\n\n<div class=\"wp-block-cover alignfull\" style=\"min-height:687px\"><span aria-hidden=\"true\" class=\"wp-block-cover__background has-nv-light-bg-background-color has-background-dim\"><\/span><img loading=\"lazy\" decoding=\"async\" width=\"2328\" height=\"2328\" class=\"wp-block-cover__image-background wp-image-448\" alt=\"\" src=\"https:\/\/fisioterapialetsmove.es\/wp-content\/uploads\/2024\/03\/07ed9736f9c9b2cb29065ffff639fda9-2.jpg\" data-object-fit=\"cover\" srcset=\"https:\/\/fisioterapialetsmove.es\/wp-content\/uploads\/2024\/03\/07ed9736f9c9b2cb29065ffff639fda9-2.jpg 2328w, https:\/\/fisioterapialetsmove.es\/wp-content\/uploads\/2024\/03\/07ed9736f9c9b2cb29065ffff639fda9-2-300x300.jpg 300w, https:\/\/fisioterapialetsmove.es\/wp-content\/uploads\/2024\/03\/07ed9736f9c9b2cb29065ffff639fda9-2-1024x1024.jpg 1024w, https:\/\/fisioterapialetsmove.es\/wp-content\/uploads\/2024\/03\/07ed9736f9c9b2cb29065ffff639fda9-2-150x150.jpg 150w, https:\/\/fisioterapialetsmove.es\/wp-content\/uploads\/2024\/03\/07ed9736f9c9b2cb29065ffff639fda9-2-768x768.jpg 768w, https:\/\/fisioterapialetsmove.es\/wp-content\/uploads\/2024\/03\/07ed9736f9c9b2cb29065ffff639fda9-2-1536x1536.jpg 1536w, https:\/\/fisioterapialetsmove.es\/wp-content\/uploads\/2024\/03\/07ed9736f9c9b2cb29065ffff639fda9-2-2048x2048.jpg 2048w\" sizes=\"(max-width: 2328px) 100vw, 2328px\" \/><div class=\"wp-block-cover__inner-container is-layout-flow wp-block-cover-is-layout-flow\">\n<div class=\"wp-block-group is-layout-flow wp-block-group-is-layout-flow\"><div class=\"wp-block-group__inner-container\">\n<div class=\"wp-block-columns is-layout-flex wp-container-core-columns-layout-1 wp-block-columns-is-layout-flex\">\n<div class=\"wp-block-column is-layout-flow wp-block-column-is-layout-flow\"><div class=\"wp-block-image\">\n<figure class=\"alignright size-full is-resized\"><img loading=\"lazy\" decoding=\"async\" width=\"414\" height=\"414\" src=\"https:\/\/fisioterapialetsmove.es\/wp-content\/uploads\/2024\/03\/a3560445a853e8c499f5556a6494ab76-2.jpg\" alt=\"\" class=\"wp-image-452\" style=\"width:583px;height:auto\" srcset=\"https:\/\/fisioterapialetsmove.es\/wp-content\/uploads\/2024\/03\/a3560445a853e8c499f5556a6494ab76-2.jpg 414w, https:\/\/fisioterapialetsmove.es\/wp-content\/uploads\/2024\/03\/a3560445a853e8c499f5556a6494ab76-2-300x300.jpg 300w, https:\/\/fisioterapialetsmove.es\/wp-content\/uploads\/2024\/03\/a3560445a853e8c499f5556a6494ab76-2-150x150.jpg 150w\" sizes=\"(max-width: 414px) 100vw, 414px\" \/><\/figure><\/div><\/div>\n\n\n\n<div class=\"wp-block-column is-layout-flow wp-block-column-is-layout-flow\">\n<p><\/p>\n\n\n\n<h2 class=\"wp-block-heading has-neve-text-color-color has-text-color\">Fisioter\u00e0pia esportiva i en esports de caire art\u00edstic<\/h2>\n\n\n\n<p class=\"has-neve-text-color-color has-text-color\" style=\"font-size:17px\">Fisioter\u00e0pia de l&#8217;<strong>\u00e0mbit esportiu<\/strong>, especialitzaci\u00f3 en <strong>esports de caire art\u00edstic<\/strong> i esports d&#8217;extremitat inferior.<\/p>\n\n\n\n<ul style=\"font-size:17px\" class=\"has-neve-text-color-color has-text-color\">\n<li><strong>Patinatge art\u00edstic<\/strong>.<\/li>\n\n\n\n<li><strong>Gimn\u00e0stica r\u00edtmica<\/strong>. <\/li>\n\n\n\n<li>Altres <strong>esports de caire art\u00edstic<\/strong>.<\/li>\n\n\n\n<li>Altres <strong>esports<\/strong> amb <strong>predomini d&#8217;extremitat inferior<\/strong>. <\/li>\n<\/ul>\n\n\n\n<p class=\"has-neve-text-color-color has-text-color\" style=\"font-size:17px\"> <strong>Prevenci\u00f3<\/strong> i <strong>tractament<\/strong> de lesions esportives. <\/p>\n\n\n\n<p class=\"has-neve-text-color-color has-text-color\" style=\"font-size:17px\">Fase inicial de <strong>rehabilitaci\u00f3<\/strong> de la lesi\u00f3 fins l&#8217;alta m\u00e8dica i fase de <strong>readaptaci\u00f3 esportiva<\/strong> fins l&#8217;alta esportiva, per a reemprendre el mateix context de <strong>salut i entrenament <\/strong>previs a la lesi\u00f3.  <\/p>\n<\/div>\n<\/div>\n\n\n\n<div style=\"height:40px\" aria-hidden=\"true\" class=\"wp-block-spacer\"><\/div>\n<\/div><\/div>\n<\/div><\/div>\n\n\n<div class=\"wp-block-image\">\n<figure class=\"aligncenter size-large is-resized\"><img loading=\"lazy\" decoding=\"async\" width=\"1024\" height=\"1024\" src=\"https:\/\/fisioterapialetsmove.es\/wp-content\/uploads\/2024\/12\/POSTS-LETS-MOVE-fons-blanc-copia-1024x1024.png\" alt=\"\" class=\"wp-image-746\" style=\"width:515px;height:auto\" srcset=\"https:\/\/fisioterapialetsmove.es\/wp-content\/uploads\/2024\/12\/POSTS-LETS-MOVE-fons-blanc-copia-1024x1024.png 1024w, https:\/\/fisioterapialetsmove.es\/wp-content\/uploads\/2024\/12\/POSTS-LETS-MOVE-fons-blanc-copia-300x300.png 300w, https:\/\/fisioterapialetsmove.es\/wp-content\/uploads\/2024\/12\/POSTS-LETS-MOVE-fons-blanc-copia-150x150.png 150w, https:\/\/fisioterapialetsmove.es\/wp-content\/uploads\/2024\/12\/POSTS-LETS-MOVE-fons-blanc-copia-768x768.png 768w, https:\/\/fisioterapialetsmove.es\/wp-content\/uploads\/2024\/12\/POSTS-LETS-MOVE-fons-blanc-copia.png 1080w\" sizes=\"(max-width: 1024px) 100vw, 1024px\" \/><\/figure><\/div>\n\n\n<div class=\"wp-block-cover alignfull\" style=\"min-height:53px\"><span aria-hidden=\"true\" class=\"wp-block-cover__background has-nv-light-bg-background-color has-background-dim-100 has-background-dim\"><\/span><div class=\"wp-block-cover__inner-container is-layout-flow wp-block-cover-is-layout-flow\">\n<p class=\"has-text-align-center has-large-font-size\"><\/p>\n<\/div><\/div>\n","protected":false},"excerpt":{"rendered":"","protected":false},"author":1,"featured_media":0,"parent":69,"menu_order":1,"comment_status":"closed","ping_status":"closed","template":"","meta":{"neve_meta_sidebar":"","neve_meta_container":"","neve_meta_enable_content_width":"","neve_meta_content_width":0,"neve_meta_title_alignment":"","neve_meta_author_avatar":"","neve_post_elements_order":"","neve_meta_disable_header":"","neve_meta_disable_footer":"","neve_meta_disable_title":"","_themeisle_gutenberg_block_has_review":false,"_ti_tpc_template_sync":false,"_ti_tpc_template_id":"","footnotes":""},"aioseo_notices":[],"_links":{"self":[{"href":"https:\/\/fisioterapialetsmove.es\/index.php?rest_route=\/wp\/v2\/pages\/471"}],"collection":[{"href":"https:\/\/fisioterapialetsmove.es\/index.php?rest_route=\/wp\/v2\/pages"}],"about":[{"href":"https:\/\/fisioterapialetsmove.es\/index.php?rest_route=\/wp\/v2\/types\/page"}],"author":[{"embeddable":true,"href":"https:\/\/fisioterapialetsmove.es\/index.php?rest_route=\/wp\/v2\/users\/1"}],"replies":[{"embeddable":true,"href":"https:\/\/fisioterapialetsmove.es\/index.php?rest_route=%2Fwp%2Fv2%2Fcomments&post=471"}],"version-history":[{"count":15,"href":"https:\/\/fisioterapialetsmove.es\/index.php?rest_route=\/wp\/v2\/pages\/471\/revisions"}],"predecessor-version":[{"id":760,"href":"https:\/\/fisioterapialetsmove.es\/index.php?rest_route=\/wp\/v2\/pages\/471\/revisions\/760"}],"up":[{"embeddable":true,"href":"https:\/\/fisioterapialetsmove.es\/index.php?rest_route=\/wp\/v2\/pages\/69"}],"wp:attachment":[{"href":"https:\/\/fisioterapialetsmove.es\/index.php?rest_route=%2Fwp%2Fv2%2Fmedia&parent=471"}],"curies":[{"name":"wp","href":"https:\/\/api.w.org\/{rel}","templated":true}]}}