{"id":477,"date":"2024-03-15T19:05:21","date_gmt":"2024-03-15T17:05:21","guid":{"rendered":"https:\/\/fisioterapialetsmove.es\/?page_id=477"},"modified":"2024-12-16T22:32:02","modified_gmt":"2024-12-16T20:32:02","slug":"fisioterapia-abdomen","status":"publish","type":"page","link":"https:\/\/fisioterapialetsmove.es\/?page_id=477","title":{"rendered":"Rehabilitaci\u00f3 abdominal i tor\u00e0cica"},"content":{"rendered":"\n<h2 class=\"wp-block-heading\"><\/h2>\n\n\n\n<div class=\"wp-block-cover alignfull\" style=\"min-height:726px\"><span aria-hidden=\"true\" class=\"wp-block-cover__background has-nv-light-bg-background-color has-background-dim\"><\/span><img loading=\"lazy\" decoding=\"async\" width=\"537\" height=\"537\" class=\"wp-block-cover__image-background wp-image-447\" alt=\"\" src=\"https:\/\/fisioterapialetsmove.es\/wp-content\/uploads\/2024\/03\/ce0e25cb35cd71f3509a91916ea0247b-2.jpg\" data-object-fit=\"cover\" srcset=\"https:\/\/fisioterapialetsmove.es\/wp-content\/uploads\/2024\/03\/ce0e25cb35cd71f3509a91916ea0247b-2.jpg 537w, https:\/\/fisioterapialetsmove.es\/wp-content\/uploads\/2024\/03\/ce0e25cb35cd71f3509a91916ea0247b-2-300x300.jpg 300w, https:\/\/fisioterapialetsmove.es\/wp-content\/uploads\/2024\/03\/ce0e25cb35cd71f3509a91916ea0247b-2-150x150.jpg 150w\" sizes=\"(max-width: 537px) 100vw, 537px\" \/><div class=\"wp-block-cover__inner-container is-layout-flow wp-block-cover-is-layout-flow\">\n<div class=\"wp-block-group is-layout-flow wp-block-group-is-layout-flow\"><div class=\"wp-block-group__inner-container\">\n<div class=\"wp-block-columns is-layout-flex wp-container-core-columns-layout-1 wp-block-columns-is-layout-flex\">\n<div class=\"wp-block-column is-layout-flow wp-block-column-is-layout-flow\"><div class=\"wp-block-image\">\n<figure class=\"alignright size-full is-resized\"><img loading=\"lazy\" decoding=\"async\" width=\"537\" height=\"537\" src=\"https:\/\/fisioterapialetsmove.es\/wp-content\/uploads\/2024\/03\/ce0e25cb35cd71f3509a91916ea0247b-2.jpg\" alt=\"\" class=\"wp-image-447\" style=\"width:541px;height:auto\" srcset=\"https:\/\/fisioterapialetsmove.es\/wp-content\/uploads\/2024\/03\/ce0e25cb35cd71f3509a91916ea0247b-2.jpg 537w, https:\/\/fisioterapialetsmove.es\/wp-content\/uploads\/2024\/03\/ce0e25cb35cd71f3509a91916ea0247b-2-300x300.jpg 300w, https:\/\/fisioterapialetsmove.es\/wp-content\/uploads\/2024\/03\/ce0e25cb35cd71f3509a91916ea0247b-2-150x150.jpg 150w\" sizes=\"(max-width: 537px) 100vw, 537px\" \/><\/figure><\/div><\/div>\n\n\n\n<div class=\"wp-block-column is-layout-flow wp-block-column-is-layout-flow\">\n<p><\/p>\n\n\n\n<h2 class=\"wp-block-heading has-neve-text-color-color has-text-color\">Reeducaci\u00f3 abdominal i tor\u00e0cica<\/h2>\n\n\n\n<p class=\"has-neve-text-color-color has-text-color\" style=\"font-size:17px\">Tractament i prevenci\u00f3 de <strong>disfuncions abdominals<\/strong>. <\/p>\n\n\n\n<p class=\"has-neve-text-color-color has-text-color\" style=\"font-size:17px\">An\u00e0lisi i <strong>reeducaci\u00f3 del moviment abdominal<\/strong>. <\/p>\n\n\n\n<p class=\"has-neve-text-color-color has-text-color\" style=\"font-size:17px\">An\u00e0lisi de la <strong>biomec\u00e0nica respirat\u00f2ria<\/strong> i <strong>reeducaci\u00f3<\/strong> del <strong>patr\u00f3<\/strong> <strong>respiratori<\/strong>.<\/p>\n\n\n\n<p class=\"has-neve-text-color-color has-text-color\" style=\"font-size:17px\"><strong>Tonificaci\u00f3<\/strong> abdominal espec\u00edfica. <\/p>\n\n\n\n<p class=\"has-neve-text-color-color has-text-color\" style=\"font-size:17px\">Entrenament de <strong>CORE<\/strong> anal\u00edtic i aplicat de manera personalitzada, dins i fora de l&#8217;\u00e0mbit esportiu. <\/p>\n<\/div>\n<\/div>\n\n\n\n<div style=\"height:40px\" aria-hidden=\"true\" class=\"wp-block-spacer\"><\/div>\n<\/div><\/div>\n<\/div><\/div>\n\n\n<div class=\"wp-block-image\">\n<figure class=\"aligncenter size-large is-resized\"><img loading=\"lazy\" decoding=\"async\" width=\"1024\" height=\"1024\" src=\"https:\/\/fisioterapialetsmove.es\/wp-content\/uploads\/2024\/12\/POSTS-LETS-MOVE-fons-blanc-copia-1024x1024.png\" alt=\"\" class=\"wp-image-746\" style=\"width:515px;height:auto\" srcset=\"https:\/\/fisioterapialetsmove.es\/wp-content\/uploads\/2024\/12\/POSTS-LETS-MOVE-fons-blanc-copia-1024x1024.png 1024w, https:\/\/fisioterapialetsmove.es\/wp-content\/uploads\/2024\/12\/POSTS-LETS-MOVE-fons-blanc-copia-300x300.png 300w, https:\/\/fisioterapialetsmove.es\/wp-content\/uploads\/2024\/12\/POSTS-LETS-MOVE-fons-blanc-copia-150x150.png 150w, https:\/\/fisioterapialetsmove.es\/wp-content\/uploads\/2024\/12\/POSTS-LETS-MOVE-fons-blanc-copia-768x768.png 768w, https:\/\/fisioterapialetsmove.es\/wp-content\/uploads\/2024\/12\/POSTS-LETS-MOVE-fons-blanc-copia.png 1080w\" sizes=\"(max-width: 1024px) 100vw, 1024px\" \/><\/figure><\/div>\n\n\n<div class=\"wp-block-cover alignfull wp-duotone-rgb515151-ccc-1\" style=\"min-height:53px\"><span aria-hidden=\"true\" class=\"wp-block-cover__background has-nv-light-bg-background-color has-background-dim-100 has-background-dim\"><\/span><div class=\"wp-block-cover__inner-container is-layout-flow wp-block-cover-is-layout-flow\">\n<p class=\"has-text-align-center has-large-font-size\"><\/p>\n<\/div><\/div>\n","protected":false},"excerpt":{"rendered":"","protected":false},"author":1,"featured_media":0,"parent":69,"menu_order":4,"comment_status":"closed","ping_status":"closed","template":"","meta":{"neve_meta_sidebar":"","neve_meta_container":"","neve_meta_enable_content_width":"","neve_meta_content_width":0,"neve_meta_title_alignment":"","neve_meta_author_avatar":"","neve_post_elements_order":"","neve_meta_disable_header":"","neve_meta_disable_footer":"","neve_meta_disable_title":"","_themeisle_gutenberg_block_has_review":false,"_ti_tpc_template_sync":false,"_ti_tpc_template_id":"","footnotes":""},"aioseo_notices":[],"_links":{"self":[{"href":"https:\/\/fisioterapialetsmove.es\/index.php?rest_route=\/wp\/v2\/pages\/477"}],"collection":[{"href":"https:\/\/fisioterapialetsmove.es\/index.php?rest_route=\/wp\/v2\/pages"}],"about":[{"href":"https:\/\/fisioterapialetsmove.es\/index.php?rest_route=\/wp\/v2\/types\/page"}],"author":[{"embeddable":true,"href":"https:\/\/fisioterapialetsmove.es\/index.php?rest_route=\/wp\/v2\/users\/1"}],"replies":[{"embeddable":true,"href":"https:\/\/fisioterapialetsmove.es\/index.php?rest_route=%2Fwp%2Fv2%2Fcomments&post=477"}],"version-history":[{"count":12,"href":"https:\/\/fisioterapialetsmove.es\/index.php?rest_route=\/wp\/v2\/pages\/477\/revisions"}],"predecessor-version":[{"id":763,"href":"https:\/\/fisioterapialetsmove.es\/index.php?rest_route=\/wp\/v2\/pages\/477\/revisions\/763"}],"up":[{"embeddable":true,"href":"https:\/\/fisioterapialetsmove.es\/index.php?rest_route=\/wp\/v2\/pages\/69"}],"wp:attachment":[{"href":"https:\/\/fisioterapialetsmove.es\/index.php?rest_route=%2Fwp%2Fv2%2Fmedia&parent=477"}],"curies":[{"name":"wp","href":"https:\/\/api.w.org\/{rel}","templated":true}]}}