{"id":61,"date":"2020-01-23T18:21:52","date_gmt":"2020-01-23T18:21:52","guid":{"rendered":"https:\/\/demosites.io\/web-agency-gb\/?page_id=61"},"modified":"2025-12-10T14:04:45","modified_gmt":"2025-12-10T12:04:45","slug":"15c42-web-agency-gb-about-us","status":"publish","type":"page","link":"https:\/\/fisioterapialetsmove.es\/?page_id=61","title":{"rendered":"QUI SOM?"},"content":{"rendered":"\n<div class=\"wp-block-cover alignfull\" style=\"min-height:300px\"><span aria-hidden=\"true\" class=\"wp-block-cover__background has-nv-site-bg-background-color has-background-dim-100 has-background-dim\"><\/span><div class=\"wp-block-cover__inner-container is-layout-flow wp-block-cover-is-layout-flow\">\n<div class=\"wp-block-group is-layout-flow wp-block-group-is-layout-flow\"><div class=\"wp-block-group__inner-container\">\n<h1 class=\"wp-block-heading has-text-align-left has-neve-text-color-color has-text-color\">Qui hi ha al darrere de Let&#8217;s Move!<\/h1>\n<\/div><\/div>\n<\/div><\/div>\n\n\n\n<div class=\"wp-block-cover alignfull\" style=\"min-height:661px\"><span aria-hidden=\"true\" class=\"wp-block-cover__background has-nv-light-bg-background-color has-background-dim-100 has-background-dim\"><\/span><div class=\"wp-block-cover__inner-container is-layout-flow wp-block-cover-is-layout-flow\">\n<div class=\"wp-block-group is-layout-flow wp-block-group-is-layout-flow\"><div class=\"wp-block-group__inner-container\">\n<div class=\"wp-block-columns are-vertically-aligned-center has-neve-text-color-color has-text-color is-layout-flex wp-container-core-columns-layout-1 wp-block-columns-is-layout-flex\">\n<div class=\"wp-block-column is-vertically-aligned-center is-layout-flow wp-block-column-is-layout-flow\" style=\"flex-basis:50%\"><div class=\"wp-block-image\">\n<figure class=\"aligncenter size-large is-resized\"><img loading=\"lazy\" decoding=\"async\" width=\"817\" height=\"1024\" src=\"https:\/\/fisioterapialetsmove.es\/wp-content\/uploads\/2025\/12\/IMG_1711-817x1024.jpg\" alt=\"\" class=\"wp-image-771\" style=\"width:413px;height:auto\" srcset=\"https:\/\/fisioterapialetsmove.es\/wp-content\/uploads\/2025\/12\/IMG_1711-817x1024.jpg 817w, https:\/\/fisioterapialetsmove.es\/wp-content\/uploads\/2025\/12\/IMG_1711-239x300.jpg 239w, https:\/\/fisioterapialetsmove.es\/wp-content\/uploads\/2025\/12\/IMG_1711-768x963.jpg 768w, https:\/\/fisioterapialetsmove.es\/wp-content\/uploads\/2025\/12\/IMG_1711-1225x1536.jpg 1225w, https:\/\/fisioterapialetsmove.es\/wp-content\/uploads\/2025\/12\/IMG_1711-1634x2048.jpg 1634w, https:\/\/fisioterapialetsmove.es\/wp-content\/uploads\/2025\/12\/IMG_1711-scaled.jpg 2042w\" sizes=\"(max-width: 817px) 100vw, 817px\" \/><\/figure><\/div><\/div>\n\n\n\n<div class=\"wp-block-column is-vertically-aligned-center is-layout-flow wp-block-column-is-layout-flow\" style=\"flex-basis:50%\">\n<h2 class=\"wp-block-heading has-neve-text-color-color has-text-color\">Qui s\u00f3c?<\/h2>\n\n\n\n<p class=\"has-neve-text-color-color has-text-color\">Em dic Imma Vergara i soc <strong>fisioterapeuta<\/strong> des del 2018, en l\u2019\u00e0mbit de la <strong>fisioter\u00e0pia traumatol\u00f2gica i esportiva<\/strong>, aplicant la meva <strong>passi\u00f3 per l\u2019esport<\/strong> de m\u00e0 de la <strong>rehabilitaci\u00f3<\/strong>.<\/p>\n\n\n\n<p>S\u00f3c una gran apassionada de la meva feina, d&#8217;<strong>ajudar<\/strong> als dem\u00e9s i <strong>curar<\/strong>, en tots els aspectes.<\/p>\n\n\n\n<p>M&#8217;encanta <strong>promoure la salut<\/strong> i lluito pels tractaments <strong>individualitzats<\/strong> que van m\u00e9s enll\u00e0 del teixit lesional, des d&#8217;una <strong>valoraci\u00f3 global<\/strong> i un punt de vista <strong>biopsicosocial<\/strong>.<\/p>\n\n\n\n<p>La meva gran eina de treball \u00e9s el <strong>moviment<\/strong>! Tot i que sempre, el <strong>vincle terap\u00e8utic<\/strong> -basat en la <strong>confian\u00e7a<\/strong>, l&#8217;<strong>empatia<\/strong> i l&#8217;escolta activa- juga un paper fonamental en la consecuci\u00f3 del meu objectiu com a professional: fomentar la <strong>participaci\u00f3 activa<\/strong> i l&#8217;<strong>autonomia<\/strong> de cada pacient.<\/p>\n<\/div>\n<\/div>\n\n\n\n<div style=\"height:0px\" aria-hidden=\"true\" class=\"wp-block-spacer\"><\/div>\n<\/div><\/div>\n<\/div><\/div>\n\n\n\n<p><\/p>\n\n\n\n<div class=\"wp-block-cover alignfull is-light\" style=\"min-height:110px\"><span aria-hidden=\"true\" class=\"wp-block-cover__background has-background-dim-0 has-background-dim\"><\/span><img loading=\"lazy\" decoding=\"async\" width=\"1576\" height=\"1240\" class=\"wp-block-cover__image-background wp-image-695\" alt=\"\" src=\"https:\/\/fisioterapialetsmove.es\/wp-content\/uploads\/2024\/12\/Captura-de-pantalla-2024-12-06-a-las-18.23.13.png\" data-object-fit=\"cover\" srcset=\"https:\/\/fisioterapialetsmove.es\/wp-content\/uploads\/2024\/12\/Captura-de-pantalla-2024-12-06-a-las-18.23.13.png 1576w, https:\/\/fisioterapialetsmove.es\/wp-content\/uploads\/2024\/12\/Captura-de-pantalla-2024-12-06-a-las-18.23.13-300x236.png 300w, https:\/\/fisioterapialetsmove.es\/wp-content\/uploads\/2024\/12\/Captura-de-pantalla-2024-12-06-a-las-18.23.13-1024x806.png 1024w, https:\/\/fisioterapialetsmove.es\/wp-content\/uploads\/2024\/12\/Captura-de-pantalla-2024-12-06-a-las-18.23.13-768x604.png 768w, https:\/\/fisioterapialetsmove.es\/wp-content\/uploads\/2024\/12\/Captura-de-pantalla-2024-12-06-a-las-18.23.13-1536x1209.png 1536w\" sizes=\"(max-width: 1576px) 100vw, 1576px\" \/><div class=\"wp-block-cover__inner-container is-layout-flow wp-block-cover-is-layout-flow\">\n<div class=\"wp-block-columns is-layout-flex wp-container-core-columns-layout-2 wp-block-columns-is-layout-flex\">\n<div class=\"wp-block-column is-layout-flow wp-block-column-is-layout-flow\"><\/div>\n\n\n\n<div class=\"wp-block-column is-layout-flow wp-block-column-is-layout-flow\"><\/div>\n\n\n\n<div class=\"wp-block-column is-layout-flow wp-block-column-is-layout-flow\"><\/div>\n<\/div>\n<\/div><\/div>\n\n\n\n<div class=\"wp-block-cover alignfull\" style=\"min-height:529px\"><span aria-hidden=\"true\" class=\"wp-block-cover__background has-nv-light-bg-background-color has-background-dim-100 has-background-dim\"><\/span><div class=\"wp-block-cover__inner-container is-layout-flow wp-block-cover-is-layout-flow\">\n<div class=\"wp-block-group is-layout-flow wp-block-group-is-layout-flow\"><div class=\"wp-block-group__inner-container\">\n<p><\/p>\n\n\n\n<h2 class=\"wp-block-heading\">Una mica m\u00e9s de mi<\/h2>\n\n\n\n<p class=\"has-neve-text-color-color has-text-color\"> La meva involucraci\u00f3 com a <strong>esportista<\/strong> en el m\u00f3n del <strong>patinatge art\u00edstic<\/strong> durant 13 anys,&nbsp;&nbsp;m\u2019ha portat a estudiar el <strong>moviment del cos hum\u00e0 <\/strong>a l\u2019esport i a realitzar el <strong>M\u00e0ster<\/strong> en Activitat F\u00edsica i Salut de l<strong>\u2019INEFC<\/strong> de Barcelona, que em qualifica com a <strong>readaptadora esportiva<\/strong>. <\/p>\n\n\n\n<p class=\"has-neve-text-color-color has-text-color\">\u00c9s aix\u00ed com la <strong>biomec\u00e0nica<\/strong>, el <strong>control motor<\/strong> i la <strong>consci\u00e8ncia corporal<\/strong> han esdevingut els meus principal temes d\u2019inter\u00e8s, els quals actualment estic <strong>investigant<\/strong> mitjan\u00e7ant una <strong>Tesi Doctoral<\/strong> a la Universitat Internacional de Catalunya. <\/p>\n\n\n\n<p class=\"has-neve-text-color-color has-text-color\">El meu objectiu \u00e9s <strong>ajudar<\/strong> als pacients a <strong>entendre el seu cos<\/strong> i perfeccionar la <strong>qualitat<\/strong> del moviment amb <strong>tractaments personalitzats<\/strong>, per a <strong>curar<\/strong> i <strong>prevenir<\/strong> lesions.<\/p>\n\n\n\n<p><\/p>\n<\/div><\/div>\n<\/div><\/div>\n\n\n\n<div class=\"wp-block-cover alignfull is-light\" style=\"min-height:110px\"><span aria-hidden=\"true\" class=\"wp-block-cover__background has-background-dim-0 has-background-dim\"><\/span><img loading=\"lazy\" decoding=\"async\" width=\"1576\" height=\"1240\" class=\"wp-block-cover__image-background wp-image-695\" alt=\"\" src=\"https:\/\/fisioterapialetsmove.es\/wp-content\/uploads\/2024\/12\/Captura-de-pantalla-2024-12-06-a-las-18.23.13.png\" data-object-fit=\"cover\" srcset=\"https:\/\/fisioterapialetsmove.es\/wp-content\/uploads\/2024\/12\/Captura-de-pantalla-2024-12-06-a-las-18.23.13.png 1576w, https:\/\/fisioterapialetsmove.es\/wp-content\/uploads\/2024\/12\/Captura-de-pantalla-2024-12-06-a-las-18.23.13-300x236.png 300w, https:\/\/fisioterapialetsmove.es\/wp-content\/uploads\/2024\/12\/Captura-de-pantalla-2024-12-06-a-las-18.23.13-1024x806.png 1024w, https:\/\/fisioterapialetsmove.es\/wp-content\/uploads\/2024\/12\/Captura-de-pantalla-2024-12-06-a-las-18.23.13-768x604.png 768w, https:\/\/fisioterapialetsmove.es\/wp-content\/uploads\/2024\/12\/Captura-de-pantalla-2024-12-06-a-las-18.23.13-1536x1209.png 1536w\" sizes=\"(max-width: 1576px) 100vw, 1576px\" \/><div class=\"wp-block-cover__inner-container is-layout-flow wp-block-cover-is-layout-flow\">\n<div class=\"wp-block-columns is-layout-flex wp-container-core-columns-layout-3 wp-block-columns-is-layout-flex\">\n<div class=\"wp-block-column is-layout-flow wp-block-column-is-layout-flow\"><\/div>\n\n\n\n<div class=\"wp-block-column is-layout-flow wp-block-column-is-layout-flow\"><\/div>\n\n\n\n<div class=\"wp-block-column is-layout-flow wp-block-column-is-layout-flow\"><\/div>\n<\/div>\n<\/div><\/div>\n\n\n\n<div class=\"wp-block-columns is-layout-flex wp-container-core-columns-layout-4 wp-block-columns-is-layout-flex\">\n<div class=\"wp-block-column is-layout-flow wp-block-column-is-layout-flow\">\n<p><\/p>\n\n\n\n<h2 class=\"wp-block-heading\">La meva formaci\u00f3<\/h2>\n\n\n\n<ul>\n<li>Grau en <strong>Fisioter\u00e0pia<\/strong>. Menci\u00f3 en <strong>Neurologia<\/strong>. Universitat Aut\u00f2noma de Barcelona.&nbsp;<\/li>\n\n\n\n<li><strong>M\u00e0ster en Activitat F\u00edsica i Salut<\/strong>. INEFC, Universitat de Barcelona.&nbsp;<\/li>\n\n\n\n<li>Programa de <strong>Doctorat en Ci\u00e8ncies de la Salut<\/strong>. Universitat Internacional de Catalunya.&nbsp;<\/li>\n\n\n\n<li>Especialitzaci\u00f3 en <strong>fisioter\u00e0pia en esports de caire art\u00edstic, m\u00fasica i arts esc\u00e8niques<\/strong>.&nbsp;<\/li>\n\n\n\n<li>Formaci\u00f3 continuada en <strong>Exercici Terap\u00e8utic<\/strong> i Pilates.&nbsp;<\/li>\n\n\n\n<li>Curs de <strong>Punci\u00f3 Seca<\/strong> en disfuncions musculoesquel\u00e8tiques.&nbsp;<\/li>\n\n\n\n<li>Curs de tractament de l\u2019<strong>articulaci\u00f3 temporo-mandibular (ATM)<\/strong>.<\/li>\n\n\n\n<li>Seminari de tractament de la <strong>migranya i cefalees<\/strong>.<\/li>\n<\/ul>\n<\/div>\n\n\n\n<div class=\"wp-block-column is-layout-flow wp-block-column-is-layout-flow\"><div class=\"wp-block-image\">\n<figure class=\"aligncenter size-full is-resized\"><img loading=\"lazy\" decoding=\"async\" width=\"337\" height=\"449\" src=\"https:\/\/fisioterapialetsmove.es\/wp-content\/uploads\/2024\/05\/8c5a4a7bf7ae0912fc2d82bbdc8c01f1-2-1-edited.jpg\" alt=\"\" class=\"wp-image-650\" style=\"width:395px;height:auto\" srcset=\"https:\/\/fisioterapialetsmove.es\/wp-content\/uploads\/2024\/05\/8c5a4a7bf7ae0912fc2d82bbdc8c01f1-2-1-edited.jpg 337w, https:\/\/fisioterapialetsmove.es\/wp-content\/uploads\/2024\/05\/8c5a4a7bf7ae0912fc2d82bbdc8c01f1-2-1-edited-225x300.jpg 225w\" sizes=\"(max-width: 337px) 100vw, 337px\" \/><\/figure><\/div><\/div>\n<\/div>\n\n\n\n<div class=\"wp-block-cover alignfull is-light\" style=\"min-height:110px\"><span aria-hidden=\"true\" class=\"wp-block-cover__background has-background-dim-0 has-background-dim\"><\/span><img loading=\"lazy\" decoding=\"async\" width=\"1576\" height=\"1240\" class=\"wp-block-cover__image-background wp-image-695\" alt=\"\" src=\"https:\/\/fisioterapialetsmove.es\/wp-content\/uploads\/2024\/12\/Captura-de-pantalla-2024-12-06-a-las-18.23.13.png\" data-object-fit=\"cover\" srcset=\"https:\/\/fisioterapialetsmove.es\/wp-content\/uploads\/2024\/12\/Captura-de-pantalla-2024-12-06-a-las-18.23.13.png 1576w, https:\/\/fisioterapialetsmove.es\/wp-content\/uploads\/2024\/12\/Captura-de-pantalla-2024-12-06-a-las-18.23.13-300x236.png 300w, https:\/\/fisioterapialetsmove.es\/wp-content\/uploads\/2024\/12\/Captura-de-pantalla-2024-12-06-a-las-18.23.13-1024x806.png 1024w, https:\/\/fisioterapialetsmove.es\/wp-content\/uploads\/2024\/12\/Captura-de-pantalla-2024-12-06-a-las-18.23.13-768x604.png 768w, https:\/\/fisioterapialetsmove.es\/wp-content\/uploads\/2024\/12\/Captura-de-pantalla-2024-12-06-a-las-18.23.13-1536x1209.png 1536w\" sizes=\"(max-width: 1576px) 100vw, 1576px\" \/><div class=\"wp-block-cover__inner-container is-layout-flow wp-block-cover-is-layout-flow\">\n<div class=\"wp-block-columns is-layout-flex wp-container-core-columns-layout-5 wp-block-columns-is-layout-flex\">\n<div class=\"wp-block-column is-layout-flow wp-block-column-is-layout-flow\"><\/div>\n\n\n\n<div class=\"wp-block-column is-layout-flow wp-block-column-is-layout-flow\"><\/div>\n\n\n\n<div class=\"wp-block-column is-layout-flow wp-block-column-is-layout-flow\"><\/div>\n<\/div>\n<\/div><\/div>\n\n\n\n<div class=\"wp-block-cover alignfull is-light\" style=\"min-height:322px\"><span aria-hidden=\"true\" class=\"wp-block-cover__background has-background-dim-0 has-background-dim\"><\/span><div class=\"wp-block-cover__inner-container is-layout-flow wp-block-cover-is-layout-flow\"><div class=\"wp-block-image\">\n<figure class=\"aligncenter size-full is-resized\"><img loading=\"lazy\" decoding=\"async\" width=\"1080\" height=\"1080\" src=\"https:\/\/fisioterapialetsmove.es\/wp-content\/uploads\/2024\/12\/POSTS-LETS-MOVE-fons-blanc-copia.png\" alt=\"\" class=\"wp-image-746\" style=\"width:632px;height:auto\" srcset=\"https:\/\/fisioterapialetsmove.es\/wp-content\/uploads\/2024\/12\/POSTS-LETS-MOVE-fons-blanc-copia.png 1080w, https:\/\/fisioterapialetsmove.es\/wp-content\/uploads\/2024\/12\/POSTS-LETS-MOVE-fons-blanc-copia-300x300.png 300w, https:\/\/fisioterapialetsmove.es\/wp-content\/uploads\/2024\/12\/POSTS-LETS-MOVE-fons-blanc-copia-1024x1024.png 1024w, https:\/\/fisioterapialetsmove.es\/wp-content\/uploads\/2024\/12\/POSTS-LETS-MOVE-fons-blanc-copia-150x150.png 150w, https:\/\/fisioterapialetsmove.es\/wp-content\/uploads\/2024\/12\/POSTS-LETS-MOVE-fons-blanc-copia-768x768.png 768w\" sizes=\"(max-width: 1080px) 100vw, 1080px\" \/><\/figure><\/div><\/div><\/div>\n\n\n\n<div class=\"wp-block-cover alignfull\" style=\"min-height:119px\"><span aria-hidden=\"true\" class=\"wp-block-cover__background has-nv-light-bg-background-color has-background-dim-100 has-background-dim\"><\/span><div class=\"wp-block-cover__inner-container is-layout-flow wp-block-cover-is-layout-flow\">\n<div class=\"wp-block-group is-layout-flow wp-block-group-is-layout-flow\"><div class=\"wp-block-group__inner-container\">\n<h5 class=\"wp-block-heading has-text-align-center\">Us dono la benvinguda al meu espai professional i us convido a descobrir alguna pinzellada de la meva bonica professi\u00f3. <\/h5>\n<\/div><\/div>\n<\/div><\/div>\n","protected":false},"excerpt":{"rendered":"<p>La meva formaci\u00f3<\/p>\n","protected":false},"author":1,"featured_media":0,"parent":0,"menu_order":0,"comment_status":"closed","ping_status":"closed","template":"","meta":{"neve_meta_sidebar":"default","neve_meta_container":"default","neve_meta_enable_content_width":"on","neve_meta_content_width":100,"neve_meta_title_alignment":"","neve_meta_author_avatar":"","neve_post_elements_order":"","neve_meta_disable_header":"","neve_meta_disable_footer":"","neve_meta_disable_title":"on","_themeisle_gutenberg_block_has_review":false,"_ti_tpc_template_sync":false,"_ti_tpc_template_id":"eex7gnweb2m8vo93cr1g","footnotes":""},"aioseo_notices":[],"_links":{"self":[{"href":"https:\/\/fisioterapialetsmove.es\/index.php?rest_route=\/wp\/v2\/pages\/61"}],"collection":[{"href":"https:\/\/fisioterapialetsmove.es\/index.php?rest_route=\/wp\/v2\/pages"}],"about":[{"href":"https:\/\/fisioterapialetsmove.es\/index.php?rest_route=\/wp\/v2\/types\/page"}],"author":[{"embeddable":true,"href":"https:\/\/fisioterapialetsmove.es\/index.php?rest_route=\/wp\/v2\/users\/1"}],"replies":[{"embeddable":true,"href":"https:\/\/fisioterapialetsmove.es\/index.php?rest_route=%2Fwp%2Fv2%2Fcomments&post=61"}],"version-history":[{"count":15,"href":"https:\/\/fisioterapialetsmove.es\/index.php?rest_route=\/wp\/v2\/pages\/61\/revisions"}],"predecessor-version":[{"id":773,"href":"https:\/\/fisioterapialetsmove.es\/index.php?rest_route=\/wp\/v2\/pages\/61\/revisions\/773"}],"wp:attachment":[{"href":"https:\/\/fisioterapialetsmove.es\/index.php?rest_route=%2Fwp%2Fv2%2Fmedia&parent=61"}],"curies":[{"name":"wp","href":"https:\/\/api.w.org\/{rel}","templated":true}]}}