{"id":69,"date":"2020-01-27T08:05:29","date_gmt":"2020-01-27T08:05:29","guid":{"rendered":"https:\/\/demosites.io\/web-agency-gb\/?page_id=69"},"modified":"2025-12-10T23:51:33","modified_gmt":"2025-12-10T21:51:33","slug":"15c42-web-agency-gb-portfolio","status":"publish","type":"page","link":"https:\/\/fisioterapialetsmove.es\/?page_id=69","title":{"rendered":"SERVEIS"},"content":{"rendered":"\n<div class=\"wp-block-cover alignfull\" style=\"min-height:244px\"><span aria-hidden=\"true\" class=\"wp-block-cover__background has-nv-site-bg-background-color has-background-dim-100 has-background-dim\"><\/span><div class=\"wp-block-cover__inner-container is-layout-flow wp-block-cover-is-layout-flow\">\n<div class=\"wp-block-group is-layout-flow wp-block-group-is-layout-flow\"><div class=\"wp-block-group__inner-container\">\n<h1 class=\"wp-block-heading has-text-align-left has-neve-text-color-color has-text-color\">Qu\u00e8 trobar\u00e0s a Let&#8217;s Move!<\/h1>\n<\/div><\/div>\n<\/div><\/div>\n\n\n\n<div class=\"wp-block-cover alignfull is-light\" style=\"min-height:170px\"><span aria-hidden=\"true\" class=\"wp-block-cover__background has-background-dim-0 has-background-dim\"><\/span><img loading=\"lazy\" decoding=\"async\" width=\"1576\" height=\"1240\" class=\"wp-block-cover__image-background wp-image-695\" alt=\"\" src=\"https:\/\/fisioterapialetsmove.es\/wp-content\/uploads\/2024\/12\/Captura-de-pantalla-2024-12-06-a-las-18.23.13.png\" data-object-fit=\"cover\" srcset=\"https:\/\/fisioterapialetsmove.es\/wp-content\/uploads\/2024\/12\/Captura-de-pantalla-2024-12-06-a-las-18.23.13.png 1576w, https:\/\/fisioterapialetsmove.es\/wp-content\/uploads\/2024\/12\/Captura-de-pantalla-2024-12-06-a-las-18.23.13-300x236.png 300w, https:\/\/fisioterapialetsmove.es\/wp-content\/uploads\/2024\/12\/Captura-de-pantalla-2024-12-06-a-las-18.23.13-1024x806.png 1024w, https:\/\/fisioterapialetsmove.es\/wp-content\/uploads\/2024\/12\/Captura-de-pantalla-2024-12-06-a-las-18.23.13-768x604.png 768w, https:\/\/fisioterapialetsmove.es\/wp-content\/uploads\/2024\/12\/Captura-de-pantalla-2024-12-06-a-las-18.23.13-1536x1209.png 1536w\" sizes=\"(max-width: 1576px) 100vw, 1576px\" \/><div class=\"wp-block-cover__inner-container is-layout-flow wp-block-cover-is-layout-flow\">\n<p class=\"has-text-align-center has-large-font-size\"><\/p>\n<\/div><\/div>\n\n\n\n<div class=\"wp-block-cover alignfull\" style=\"min-height:2569px\"><span aria-hidden=\"true\" class=\"wp-block-cover__background has-nv-light-bg-background-color has-background-dim-100 has-background-dim\"><\/span><div class=\"wp-block-cover__inner-container is-layout-flow wp-block-cover-is-layout-flow\">\n<div class=\"wp-block-group is-layout-flow wp-block-group-is-layout-flow\"><div class=\"wp-block-group__inner-container\">\n<div class=\"wp-block-columns are-vertically-aligned-center is-layout-flex wp-container-core-columns-layout-1 wp-block-columns-is-layout-flex\">\n<div class=\"wp-block-column is-vertically-aligned-center is-layout-flow wp-block-column-is-layout-flow\" style=\"flex-basis:50%\">\n<div style=\"height:24px\" aria-hidden=\"true\" class=\"wp-block-spacer\"><\/div>\n\n\n\n<p class=\"has-text-align-center has-neve-text-color-color has-text-color\"><\/p>\n\n\n\n<div style=\"height:40px\" aria-hidden=\"true\" class=\"wp-block-spacer\"><\/div>\n<\/div>\n\n\n\n<div class=\"wp-block-column is-vertically-aligned-center is-layout-flow wp-block-column-is-layout-flow\" style=\"flex-basis:50%\">\n<div style=\"height:24px\" aria-hidden=\"true\" class=\"wp-block-spacer\"><\/div>\n\n\n\n<p class=\"has-text-align-center has-neve-text-color-color has-text-color\"><\/p>\n\n\n\n<div style=\"height:40px\" aria-hidden=\"true\" class=\"wp-block-spacer\"><\/div>\n<\/div>\n<\/div>\n\n\n\n<div class=\"wp-block-columns are-vertically-aligned-center is-layout-flex wp-container-core-columns-layout-2 wp-block-columns-is-layout-flex\">\n<div class=\"wp-block-column is-vertically-aligned-center is-layout-flow wp-block-column-is-layout-flow\" style=\"flex-basis:50%\"><div class=\"wp-block-image\">\n<figure class=\"aligncenter size-large is-resized\"><img loading=\"lazy\" decoding=\"async\" width=\"1024\" height=\"1024\" src=\"https:\/\/fisioterapialetsmove.es\/wp-content\/uploads\/2024\/03\/IMG_1787-2-1024x1024.jpg\" alt=\"\" class=\"wp-image-443\" style=\"width:396px;height:auto\" srcset=\"https:\/\/fisioterapialetsmove.es\/wp-content\/uploads\/2024\/03\/IMG_1787-2-1024x1024.jpg 1024w, https:\/\/fisioterapialetsmove.es\/wp-content\/uploads\/2024\/03\/IMG_1787-2-300x300.jpg 300w, https:\/\/fisioterapialetsmove.es\/wp-content\/uploads\/2024\/03\/IMG_1787-2-150x150.jpg 150w, https:\/\/fisioterapialetsmove.es\/wp-content\/uploads\/2024\/03\/IMG_1787-2-768x768.jpg 768w, https:\/\/fisioterapialetsmove.es\/wp-content\/uploads\/2024\/03\/IMG_1787-2.jpg 1284w\" sizes=\"(max-width: 1024px) 100vw, 1024px\" \/><\/figure><\/div>\n\n\n<div style=\"height:24px\" aria-hidden=\"true\" class=\"wp-block-spacer\"><\/div>\n\n\n\n<h3 class=\"wp-block-heading has-text-align-center has-neve-text-color-color has-text-color\">Fisioter\u00e0pia traumatol\u00f2gica i post-quir\u00fargica<\/h3>\n\n\n\n<p class=\"has-text-align-center has-neve-text-color-color has-text-color\">Tractament de<strong> lesions de musculoesquel\u00e8tiques<\/strong> i post-quir\u00fargiques, dins i fora de l&#8217;\u00e0mbit esportiu. <strong>Rehabilitaci\u00f3 pre-opoerat\u00f2ria i readaptaci\u00f3 post-operat\u00f2ria<\/strong>. <\/p>\n\n\n\n<div style=\"height:40px\" aria-hidden=\"true\" class=\"wp-block-spacer\"><\/div>\n<\/div>\n\n\n\n<div class=\"wp-block-column is-vertically-aligned-center is-layout-flow wp-block-column-is-layout-flow\" style=\"flex-basis:50%\"><div class=\"wp-block-image\">\n<figure class=\"aligncenter size-full is-resized\"><img loading=\"lazy\" decoding=\"async\" width=\"414\" height=\"414\" src=\"https:\/\/fisioterapialetsmove.es\/wp-content\/uploads\/2024\/03\/a3560445a853e8c499f5556a6494ab76-2.jpg\" alt=\"\" class=\"wp-image-452\" style=\"width:400px;height:auto\" srcset=\"https:\/\/fisioterapialetsmove.es\/wp-content\/uploads\/2024\/03\/a3560445a853e8c499f5556a6494ab76-2.jpg 414w, https:\/\/fisioterapialetsmove.es\/wp-content\/uploads\/2024\/03\/a3560445a853e8c499f5556a6494ab76-2-300x300.jpg 300w, https:\/\/fisioterapialetsmove.es\/wp-content\/uploads\/2024\/03\/a3560445a853e8c499f5556a6494ab76-2-150x150.jpg 150w\" sizes=\"(max-width: 414px) 100vw, 414px\" \/><\/figure><\/div>\n\n\n<div style=\"height:24px\" aria-hidden=\"true\" class=\"wp-block-spacer\"><\/div>\n\n\n\n<h3 class=\"wp-block-heading has-text-align-center has-neve-text-color-color has-text-color\">Fisioter\u00e0pia esportiva: esports de caire art\u00edstic<\/h3>\n\n\n\n<p class=\"has-text-align-center has-neve-text-color-color has-text-color\">Fisioter\u00e0pia de l&#8217;<strong>\u00e0mbit esportiu<\/strong>, especialitzaci\u00f3 en <strong>esports de caire art\u00edstic<\/strong> (<strong>patinatge art\u00edstic<\/strong>, <strong>gimn\u00e0stica r\u00edtmica<\/strong>, etc) i . <strong>Prevenci\u00f3<\/strong> i <strong>tractament<\/strong> de lesions esportives. <\/p>\n\n\n\n<div style=\"height:40px\" aria-hidden=\"true\" class=\"wp-block-spacer\"><\/div>\n<\/div>\n<\/div>\n\n\n\n<div class=\"wp-block-columns are-vertically-aligned-center is-layout-flex wp-container-core-columns-layout-3 wp-block-columns-is-layout-flex\">\n<div class=\"wp-block-column is-vertically-aligned-center is-layout-flow wp-block-column-is-layout-flow\" style=\"flex-basis:50%\"><div class=\"wp-block-image\">\n<figure class=\"aligncenter size-large is-resized\"><img loading=\"lazy\" decoding=\"async\" width=\"1024\" height=\"1024\" src=\"https:\/\/fisioterapialetsmove.es\/wp-content\/uploads\/2024\/03\/IMG_1830-1024x1024.jpg\" alt=\"\" class=\"wp-image-445\" style=\"width:396px;height:auto\" srcset=\"https:\/\/fisioterapialetsmove.es\/wp-content\/uploads\/2024\/03\/IMG_1830-1024x1024.jpg 1024w, https:\/\/fisioterapialetsmove.es\/wp-content\/uploads\/2024\/03\/IMG_1830-300x300.jpg 300w, https:\/\/fisioterapialetsmove.es\/wp-content\/uploads\/2024\/03\/IMG_1830-150x150.jpg 150w, https:\/\/fisioterapialetsmove.es\/wp-content\/uploads\/2024\/03\/IMG_1830-768x768.jpg 768w, https:\/\/fisioterapialetsmove.es\/wp-content\/uploads\/2024\/03\/IMG_1830.jpg 1274w\" sizes=\"(max-width: 1024px) 100vw, 1024px\" \/><\/figure><\/div>\n\n\n<div style=\"height:24px\" aria-hidden=\"true\" class=\"wp-block-spacer\"><\/div>\n\n\n\n<h3 class=\"wp-block-heading has-text-align-center has-neve-text-color-color has-text-color\">Fisioter\u00e0pia en la m\u00fasica<\/h3>\n\n\n\n<p class=\"has-text-align-center has-neve-text-color-color has-text-color\">Tractament de<strong> lesions de musculoesquel\u00e8tiques<\/strong> derivades de la <strong>pr\u00e0ctica d&#8217;un instrument<\/strong>. <strong>Prevenci\u00f3 <\/strong>de lesions<strong> <\/strong>analitzant el moviment de manera individual i espec\u00edfica.<\/p>\n\n\n\n<div style=\"height:40px\" aria-hidden=\"true\" class=\"wp-block-spacer\"><\/div>\n<\/div>\n\n\n\n<div class=\"wp-block-column is-vertically-aligned-center is-layout-flow wp-block-column-is-layout-flow\" style=\"flex-basis:50%\"><div class=\"wp-block-image\">\n<figure class=\"aligncenter size-full is-resized\"><img loading=\"lazy\" decoding=\"async\" width=\"428\" height=\"428\" src=\"https:\/\/fisioterapialetsmove.es\/wp-content\/uploads\/2024\/03\/e7e5569ffbcab3bfefef499534798fbf-2.jpg\" alt=\"\" class=\"wp-image-446\" style=\"width:400px;height:auto\" srcset=\"https:\/\/fisioterapialetsmove.es\/wp-content\/uploads\/2024\/03\/e7e5569ffbcab3bfefef499534798fbf-2.jpg 428w, https:\/\/fisioterapialetsmove.es\/wp-content\/uploads\/2024\/03\/e7e5569ffbcab3bfefef499534798fbf-2-300x300.jpg 300w, https:\/\/fisioterapialetsmove.es\/wp-content\/uploads\/2024\/03\/e7e5569ffbcab3bfefef499534798fbf-2-150x150.jpg 150w\" sizes=\"(max-width: 428px) 100vw, 428px\" \/><\/figure><\/div>\n\n\n<div style=\"height:24px\" aria-hidden=\"true\" class=\"wp-block-spacer\"><\/div>\n\n\n\n<h3 class=\"wp-block-heading has-text-align-center has-neve-text-color-color has-text-color\">Fisioter\u00e0pia en dansa i arts esc\u00e8niques<\/h3>\n\n\n\n<p class=\"has-text-align-center has-neve-text-color-color has-text-color\">Tractament de<strong> lesions de musculoesquel\u00e8tiques<\/strong> derivades de la <strong>dansa<\/strong> i de qualsevol <strong>art<\/strong> esc\u00e8nica (<strong>teatre<\/strong>, <strong>cant<\/strong>, etc). <strong>Prevenci\u00f3 <\/strong>de lesions<strong> <\/strong>analitzant el moviment implicat en cada <strong>disciplina art\u00edstica<\/strong>. <\/p>\n\n\n\n<div style=\"height:40px\" aria-hidden=\"true\" class=\"wp-block-spacer\"><\/div>\n<\/div>\n<\/div>\n\n\n\n<div class=\"wp-block-columns are-vertically-aligned-center is-layout-flex wp-container-core-columns-layout-4 wp-block-columns-is-layout-flex\">\n<div class=\"wp-block-column is-vertically-aligned-center is-layout-flow wp-block-column-is-layout-flow\" style=\"flex-basis:50%\"><div class=\"wp-block-image\">\n<figure class=\"aligncenter size-full is-resized\"><img loading=\"lazy\" decoding=\"async\" width=\"537\" height=\"537\" src=\"https:\/\/fisioterapialetsmove.es\/wp-content\/uploads\/2024\/03\/ce0e25cb35cd71f3509a91916ea0247b-2.jpg\" alt=\"\" class=\"wp-image-447\" style=\"width:396px;height:auto\" srcset=\"https:\/\/fisioterapialetsmove.es\/wp-content\/uploads\/2024\/03\/ce0e25cb35cd71f3509a91916ea0247b-2.jpg 537w, https:\/\/fisioterapialetsmove.es\/wp-content\/uploads\/2024\/03\/ce0e25cb35cd71f3509a91916ea0247b-2-300x300.jpg 300w, https:\/\/fisioterapialetsmove.es\/wp-content\/uploads\/2024\/03\/ce0e25cb35cd71f3509a91916ea0247b-2-150x150.jpg 150w\" sizes=\"(max-width: 537px) 100vw, 537px\" \/><\/figure><\/div>\n\n\n<div style=\"height:24px\" aria-hidden=\"true\" class=\"wp-block-spacer\"><\/div>\n\n\n\n<h3 class=\"wp-block-heading has-text-align-center has-neve-text-color-color has-text-color\">Reeducaci\u00f3 abdominal i tor\u00e0cica<\/h3>\n\n\n\n<p class=\"has-text-align-center has-neve-text-color-color has-text-color\">Tractament i prevenci\u00f3 de <strong>disfuncions abdominals<\/strong>. An\u00e0lisi i <strong>reeducaci\u00f3 del moviment abdominal<\/strong> i <strong>respiratori<\/strong>.<\/p>\n\n\n\n<div style=\"height:40px\" aria-hidden=\"true\" class=\"wp-block-spacer\"><\/div>\n<\/div>\n\n\n\n<div class=\"wp-block-column is-vertically-aligned-center is-layout-flow wp-block-column-is-layout-flow\" style=\"flex-basis:50%\"><div class=\"wp-block-image\">\n<figure class=\"aligncenter size-full is-resized\"><img loading=\"lazy\" decoding=\"async\" width=\"564\" height=\"564\" src=\"https:\/\/fisioterapialetsmove.es\/wp-content\/uploads\/2024\/03\/1fa0af51fcb538e75607c099ac34bcff-2.jpg\" alt=\"\" class=\"wp-image-450\" style=\"width:396px;height:auto\" srcset=\"https:\/\/fisioterapialetsmove.es\/wp-content\/uploads\/2024\/03\/1fa0af51fcb538e75607c099ac34bcff-2.jpg 564w, https:\/\/fisioterapialetsmove.es\/wp-content\/uploads\/2024\/03\/1fa0af51fcb538e75607c099ac34bcff-2-300x300.jpg 300w, https:\/\/fisioterapialetsmove.es\/wp-content\/uploads\/2024\/03\/1fa0af51fcb538e75607c099ac34bcff-2-150x150.jpg 150w\" sizes=\"(max-width: 564px) 100vw, 564px\" \/><\/figure><\/div>\n\n\n<div style=\"height:24px\" aria-hidden=\"true\" class=\"wp-block-spacer\"><\/div>\n\n\n\n<h3 class=\"wp-block-heading has-text-align-center has-neve-text-color-color has-text-color\">Fisioter\u00e0pia de l&#8217;articulaci\u00f3 ATM i migranya<\/h3>\n\n\n\n<p class=\"has-text-align-center has-neve-text-color-color has-text-color\">Tractament de disfuncions de l&#8217;<strong>articulaci\u00f3 temporo-mandibular<\/strong> (ATM), <strong>migranya<\/strong> i <strong>cefalees<\/strong>.<\/p>\n\n\n\n<div style=\"height:40px\" aria-hidden=\"true\" class=\"wp-block-spacer\"><\/div>\n<\/div>\n<\/div>\n\n\n\n<div class=\"wp-block-columns is-layout-flex wp-container-core-columns-layout-6 wp-block-columns-is-layout-flex\">\n<div class=\"wp-block-column is-layout-flow wp-block-column-is-layout-flow\">\n<div class=\"wp-block-columns is-layout-flex wp-container-core-columns-layout-5 wp-block-columns-is-layout-flex\">\n<div class=\"wp-block-column is-layout-flow wp-block-column-is-layout-flow\"><div class=\"wp-block-image\">\n<figure class=\"aligncenter size-large is-resized\"><img loading=\"lazy\" decoding=\"async\" width=\"1024\" height=\"1024\" src=\"https:\/\/fisioterapialetsmove.es\/wp-content\/uploads\/2025\/12\/IMG_6584-2-1024x1024.jpg\" alt=\"\" class=\"wp-image-828\" style=\"width:377px;height:auto\" srcset=\"https:\/\/fisioterapialetsmove.es\/wp-content\/uploads\/2025\/12\/IMG_6584-2-1024x1024.jpg 1024w, https:\/\/fisioterapialetsmove.es\/wp-content\/uploads\/2025\/12\/IMG_6584-2-300x300.jpg 300w, https:\/\/fisioterapialetsmove.es\/wp-content\/uploads\/2025\/12\/IMG_6584-2-150x150.jpg 150w, https:\/\/fisioterapialetsmove.es\/wp-content\/uploads\/2025\/12\/IMG_6584-2-768x768.jpg 768w, https:\/\/fisioterapialetsmove.es\/wp-content\/uploads\/2025\/12\/IMG_6584-2.jpg 1152w\" sizes=\"(max-width: 1024px) 100vw, 1024px\" \/><\/figure><\/div>\n\n\n<p class=\"has-neve-text-color-color has-text-color\"><\/p>\n\n\n\n<h3 class=\"wp-block-heading has-text-align-center has-neve-text-color-color has-text-color\">Sessions de PRESSOTER\u00c0PIA<\/h3>\n\n\n\n<p class=\"has-text-align-center has-neve-text-color-color has-text-color\">Tractament i prevenci\u00f3 <strong>linfedema<\/strong>, <strong>lipedema<\/strong>, afavoriment del <strong>retorn ven\u00f3s <\/strong>i <strong>alleugeriment<\/strong> de <strong>cames fatigades<\/strong>.<\/p>\n<\/div>\n<\/div>\n<\/div>\n<\/div>\n<\/div><\/div>\n<\/div><\/div>\n\n\n\n<div class=\"wp-block-cover alignfull is-light\" style=\"min-height:191px\"><span aria-hidden=\"true\" class=\"wp-block-cover__background has-background-dim-0 has-background-dim\"><\/span><img loading=\"lazy\" decoding=\"async\" width=\"1576\" height=\"1240\" class=\"wp-block-cover__image-background wp-image-695\" alt=\"\" src=\"https:\/\/fisioterapialetsmove.es\/wp-content\/uploads\/2024\/12\/Captura-de-pantalla-2024-12-06-a-las-18.23.13.png\" data-object-fit=\"cover\" srcset=\"https:\/\/fisioterapialetsmove.es\/wp-content\/uploads\/2024\/12\/Captura-de-pantalla-2024-12-06-a-las-18.23.13.png 1576w, https:\/\/fisioterapialetsmove.es\/wp-content\/uploads\/2024\/12\/Captura-de-pantalla-2024-12-06-a-las-18.23.13-300x236.png 300w, https:\/\/fisioterapialetsmove.es\/wp-content\/uploads\/2024\/12\/Captura-de-pantalla-2024-12-06-a-las-18.23.13-1024x806.png 1024w, https:\/\/fisioterapialetsmove.es\/wp-content\/uploads\/2024\/12\/Captura-de-pantalla-2024-12-06-a-las-18.23.13-768x604.png 768w, https:\/\/fisioterapialetsmove.es\/wp-content\/uploads\/2024\/12\/Captura-de-pantalla-2024-12-06-a-las-18.23.13-1536x1209.png 1536w\" sizes=\"(max-width: 1576px) 100vw, 1576px\" \/><div class=\"wp-block-cover__inner-container is-layout-flow wp-block-cover-is-layout-flow\">\n<p class=\"has-text-align-center has-large-font-size\"><\/p>\n<\/div><\/div>\n\n\n<div class=\"wp-block-image\">\n<figure class=\"aligncenter size-full is-resized\"><img loading=\"lazy\" decoding=\"async\" width=\"1080\" height=\"1080\" src=\"https:\/\/fisioterapialetsmove.es\/wp-content\/uploads\/2024\/12\/POSTS-LETS-MOVE-fons-blanc-copia.png\" alt=\"\" class=\"wp-image-746\" style=\"width:704px;height:auto\" srcset=\"https:\/\/fisioterapialetsmove.es\/wp-content\/uploads\/2024\/12\/POSTS-LETS-MOVE-fons-blanc-copia.png 1080w, https:\/\/fisioterapialetsmove.es\/wp-content\/uploads\/2024\/12\/POSTS-LETS-MOVE-fons-blanc-copia-300x300.png 300w, https:\/\/fisioterapialetsmove.es\/wp-content\/uploads\/2024\/12\/POSTS-LETS-MOVE-fons-blanc-copia-1024x1024.png 1024w, https:\/\/fisioterapialetsmove.es\/wp-content\/uploads\/2024\/12\/POSTS-LETS-MOVE-fons-blanc-copia-150x150.png 150w, https:\/\/fisioterapialetsmove.es\/wp-content\/uploads\/2024\/12\/POSTS-LETS-MOVE-fons-blanc-copia-768x768.png 768w\" sizes=\"(max-width: 1080px) 100vw, 1080px\" \/><\/figure><\/div>\n\n\n<div class=\"wp-block-cover alignfull\" style=\"min-height:53px\"><span aria-hidden=\"true\" class=\"wp-block-cover__background has-nv-light-bg-background-color has-background-dim-100 has-background-dim\"><\/span><div class=\"wp-block-cover__inner-container is-layout-flow wp-block-cover-is-layout-flow\">\n<p class=\"has-text-align-center has-large-font-size\"><\/p>\n<\/div><\/div>\n","protected":false},"excerpt":{"rendered":"","protected":false},"author":1,"featured_media":0,"parent":0,"menu_order":0,"comment_status":"closed","ping_status":"closed","template":"","meta":{"neve_meta_sidebar":"full-width","neve_meta_container":"","neve_meta_enable_content_width":"on","neve_meta_content_width":100,"neve_meta_title_alignment":"","neve_meta_author_avatar":"","neve_post_elements_order":"","neve_meta_disable_header":"","neve_meta_disable_footer":"","neve_meta_disable_title":"on","_themeisle_gutenberg_block_has_review":false,"_ti_tpc_template_sync":false,"_ti_tpc_template_id":"94gtya0n2udx05knf121","footnotes":""},"aioseo_notices":[],"_links":{"self":[{"href":"https:\/\/fisioterapialetsmove.es\/index.php?rest_route=\/wp\/v2\/pages\/69"}],"collection":[{"href":"https:\/\/fisioterapialetsmove.es\/index.php?rest_route=\/wp\/v2\/pages"}],"about":[{"href":"https:\/\/fisioterapialetsmove.es\/index.php?rest_route=\/wp\/v2\/types\/page"}],"author":[{"embeddable":true,"href":"https:\/\/fisioterapialetsmove.es\/index.php?rest_route=\/wp\/v2\/users\/1"}],"replies":[{"embeddable":true,"href":"https:\/\/fisioterapialetsmove.es\/index.php?rest_route=%2Fwp%2Fv2%2Fcomments&post=69"}],"version-history":[{"count":19,"href":"https:\/\/fisioterapialetsmove.es\/index.php?rest_route=\/wp\/v2\/pages\/69\/revisions"}],"predecessor-version":[{"id":833,"href":"https:\/\/fisioterapialetsmove.es\/index.php?rest_route=\/wp\/v2\/pages\/69\/revisions\/833"}],"wp:attachment":[{"href":"https:\/\/fisioterapialetsmove.es\/index.php?rest_route=%2Fwp%2Fv2%2Fmedia&parent=69"}],"curies":[{"name":"wp","href":"https:\/\/api.w.org\/{rel}","templated":true}]}}