{"id":776,"date":"2025-12-10T14:21:29","date_gmt":"2025-12-10T12:21:29","guid":{"rendered":"https:\/\/fisioterapialetsmove.es\/?page_id=776"},"modified":"2025-12-11T00:10:20","modified_gmt":"2025-12-10T22:10:20","slug":"el-centre-lets-move","status":"publish","type":"page","link":"https:\/\/fisioterapialetsmove.es\/?page_id=776","title":{"rendered":"El centre"},"content":{"rendered":"\n<div class=\"wp-block-cover alignfull is-light\" style=\"min-height:61px\"><span aria-hidden=\"true\" class=\"wp-block-cover__background has-background-dim-0 has-background-dim\"><\/span><img loading=\"lazy\" decoding=\"async\" width=\"1576\" height=\"1240\" class=\"wp-block-cover__image-background wp-image-695\" alt=\"\" src=\"https:\/\/fisioterapialetsmove.es\/wp-content\/uploads\/2024\/12\/Captura-de-pantalla-2024-12-06-a-las-18.23.13.png\" data-object-fit=\"cover\" srcset=\"https:\/\/fisioterapialetsmove.es\/wp-content\/uploads\/2024\/12\/Captura-de-pantalla-2024-12-06-a-las-18.23.13.png 1576w, https:\/\/fisioterapialetsmove.es\/wp-content\/uploads\/2024\/12\/Captura-de-pantalla-2024-12-06-a-las-18.23.13-300x236.png 300w, https:\/\/fisioterapialetsmove.es\/wp-content\/uploads\/2024\/12\/Captura-de-pantalla-2024-12-06-a-las-18.23.13-1024x806.png 1024w, https:\/\/fisioterapialetsmove.es\/wp-content\/uploads\/2024\/12\/Captura-de-pantalla-2024-12-06-a-las-18.23.13-768x604.png 768w, https:\/\/fisioterapialetsmove.es\/wp-content\/uploads\/2024\/12\/Captura-de-pantalla-2024-12-06-a-las-18.23.13-1536x1209.png 1536w\" sizes=\"(max-width: 1576px) 100vw, 1576px\" \/><div class=\"wp-block-cover__inner-container is-layout-flow wp-block-cover-is-layout-flow\">\n<p class=\"has-text-align-center has-large-font-size\"><\/p>\n\n\n\n<p><\/p>\n\n\n\n<h2 class=\"wp-block-heading\"><mark style=\"background-color:rgba(0, 0, 0, 0)\" class=\"has-inline-color has-neve-text-color-color\">Un espai terap\u00e8utic<\/mark><\/h2>\n\n\n\n<p>El teu espai de confian\u00e7a per a tractar i prevenir lesions i patologies. Un espai acollidor on poder reeducar la teva salut.<\/p>\n<\/div><\/div>\n\n\n\n<div class=\"wp-block-cover alignfull\" style=\"min-height:1596px\"><span aria-hidden=\"true\" class=\"wp-block-cover__background has-nv-light-bg-background-color has-background-dim-100 has-background-dim\"><\/span><div class=\"wp-block-cover__inner-container is-layout-flow wp-block-cover-is-layout-flow\">\n<div class=\"wp-block-group is-layout-flow wp-block-group-is-layout-flow\"><div class=\"wp-block-group__inner-container\">\n<div class=\"wp-block-columns are-vertically-aligned-center is-layout-flex wp-container-core-columns-layout-1 wp-block-columns-is-layout-flex\">\n<div class=\"wp-block-column is-vertically-aligned-center is-layout-flow wp-block-column-is-layout-flow\" style=\"flex-basis:50%\"><div class=\"wp-block-image\">\n<figure class=\"aligncenter size-large is-resized\"><img loading=\"lazy\" decoding=\"async\" width=\"768\" height=\"1024\" src=\"https:\/\/fisioterapialetsmove.es\/wp-content\/uploads\/2025\/12\/01A14B9E-DD36-4A28-9CCB-00DBAB05A0F9-4-768x1024.jpg\" alt=\"\" class=\"wp-image-791\" style=\"width:396px;height:auto\" srcset=\"https:\/\/fisioterapialetsmove.es\/wp-content\/uploads\/2025\/12\/01A14B9E-DD36-4A28-9CCB-00DBAB05A0F9-4-768x1024.jpg 768w, https:\/\/fisioterapialetsmove.es\/wp-content\/uploads\/2025\/12\/01A14B9E-DD36-4A28-9CCB-00DBAB05A0F9-4-225x300.jpg 225w, https:\/\/fisioterapialetsmove.es\/wp-content\/uploads\/2025\/12\/01A14B9E-DD36-4A28-9CCB-00DBAB05A0F9-4.jpg 920w\" sizes=\"(max-width: 768px) 100vw, 768px\" \/><\/figure><\/div>\n\n\n<div style=\"height:24px\" aria-hidden=\"true\" class=\"wp-block-spacer\"><\/div>\n\n\n\n<div style=\"height:40px\" aria-hidden=\"true\" class=\"wp-block-spacer\"><\/div>\n<\/div>\n\n\n\n<div class=\"wp-block-column is-vertically-aligned-center is-layout-flow wp-block-column-is-layout-flow\" style=\"flex-basis:50%\"><div class=\"wp-block-image\">\n<figure class=\"aligncenter size-full is-resized\"><img decoding=\"async\" src=\"https:\/\/fisioterapialetsmove.es\/wp-content\/uploads\/2025\/12\/IMG_5540-2.heic\" alt=\"\" class=\"wp-image-792\" style=\"width:403px;height:auto\"\/><\/figure><\/div>\n\n\n<div style=\"height:24px\" aria-hidden=\"true\" class=\"wp-block-spacer\"><\/div>\n\n\n\n<div style=\"height:40px\" aria-hidden=\"true\" class=\"wp-block-spacer\"><\/div>\n<\/div>\n<\/div>\n\n\n\n<div class=\"wp-block-columns are-vertically-aligned-center is-layout-flex wp-container-core-columns-layout-2 wp-block-columns-is-layout-flex\">\n<div class=\"wp-block-column is-vertically-aligned-center is-layout-flow wp-block-column-is-layout-flow\" style=\"flex-basis:50%\"><div class=\"wp-block-image\">\n<figure class=\"aligncenter size-large is-resized\"><img loading=\"lazy\" decoding=\"async\" width=\"768\" height=\"1024\" src=\"https:\/\/fisioterapialetsmove.es\/wp-content\/uploads\/2025\/12\/54A11626-7377-4185-A96D-C57E15A1ACD0-2-768x1024.jpg\" alt=\"\" class=\"wp-image-790\" style=\"width:390px;height:auto\" srcset=\"https:\/\/fisioterapialetsmove.es\/wp-content\/uploads\/2025\/12\/54A11626-7377-4185-A96D-C57E15A1ACD0-2-768x1024.jpg 768w, https:\/\/fisioterapialetsmove.es\/wp-content\/uploads\/2025\/12\/54A11626-7377-4185-A96D-C57E15A1ACD0-2-225x300.jpg 225w, https:\/\/fisioterapialetsmove.es\/wp-content\/uploads\/2025\/12\/54A11626-7377-4185-A96D-C57E15A1ACD0-2.jpg 1045w\" sizes=\"(max-width: 768px) 100vw, 768px\" \/><\/figure><\/div>\n\n\n<div style=\"height:24px\" aria-hidden=\"true\" class=\"wp-block-spacer\"><\/div>\n\n\n\n<div style=\"height:40px\" aria-hidden=\"true\" class=\"wp-block-spacer\"><\/div>\n<\/div>\n\n\n\n<div class=\"wp-block-column is-vertically-aligned-center is-layout-flow wp-block-column-is-layout-flow\" style=\"flex-basis:50%\"><div class=\"wp-block-image\">\n<figure class=\"aligncenter size-full is-resized\"><img loading=\"lazy\" decoding=\"async\" width=\"1161\" height=\"1548\" src=\"https:\/\/fisioterapialetsmove.es\/wp-content\/uploads\/2025\/12\/IMG_1697-2.jpg\" alt=\"\" class=\"wp-image-788\" style=\"width:386px;height:auto\" srcset=\"https:\/\/fisioterapialetsmove.es\/wp-content\/uploads\/2025\/12\/IMG_1697-2.jpg 1161w, https:\/\/fisioterapialetsmove.es\/wp-content\/uploads\/2025\/12\/IMG_1697-2-225x300.jpg 225w, https:\/\/fisioterapialetsmove.es\/wp-content\/uploads\/2025\/12\/IMG_1697-2-768x1024.jpg 768w, https:\/\/fisioterapialetsmove.es\/wp-content\/uploads\/2025\/12\/IMG_1697-2-1152x1536.jpg 1152w\" sizes=\"(max-width: 1161px) 100vw, 1161px\" \/><\/figure><\/div>\n\n\n<div style=\"height:24px\" aria-hidden=\"true\" class=\"wp-block-spacer\"><\/div>\n\n\n\n<div style=\"height:40px\" aria-hidden=\"true\" class=\"wp-block-spacer\"><\/div>\n<\/div>\n<\/div>\n<\/div><\/div>\n<\/div><\/div>\n\n\n\n<div class=\"wp-block-cover alignfull is-light\" style=\"min-height:61px\"><span aria-hidden=\"true\" class=\"wp-block-cover__background has-background-dim-0 has-background-dim\"><\/span><img loading=\"lazy\" decoding=\"async\" width=\"1576\" height=\"1240\" class=\"wp-block-cover__image-background wp-image-695\" alt=\"\" src=\"https:\/\/fisioterapialetsmove.es\/wp-content\/uploads\/2024\/12\/Captura-de-pantalla-2024-12-06-a-las-18.23.13.png\" data-object-fit=\"cover\" srcset=\"https:\/\/fisioterapialetsmove.es\/wp-content\/uploads\/2024\/12\/Captura-de-pantalla-2024-12-06-a-las-18.23.13.png 1576w, https:\/\/fisioterapialetsmove.es\/wp-content\/uploads\/2024\/12\/Captura-de-pantalla-2024-12-06-a-las-18.23.13-300x236.png 300w, https:\/\/fisioterapialetsmove.es\/wp-content\/uploads\/2024\/12\/Captura-de-pantalla-2024-12-06-a-las-18.23.13-1024x806.png 1024w, https:\/\/fisioterapialetsmove.es\/wp-content\/uploads\/2024\/12\/Captura-de-pantalla-2024-12-06-a-las-18.23.13-768x604.png 768w, https:\/\/fisioterapialetsmove.es\/wp-content\/uploads\/2024\/12\/Captura-de-pantalla-2024-12-06-a-las-18.23.13-1536x1209.png 1536w\" sizes=\"(max-width: 1576px) 100vw, 1576px\" \/><div class=\"wp-block-cover__inner-container is-layout-flow wp-block-cover-is-layout-flow\">\n<p class=\"has-text-align-center has-large-font-size\"><\/p>\n\n\n\n<p><\/p>\n<\/div><\/div>\n\n\n\n<div class=\"wp-block-cover alignfull\" style=\"min-height:900px\"><span aria-hidden=\"true\" class=\"wp-block-cover__background has-nv-light-bg-background-color has-background-dim-100 has-background-dim\"><\/span><div class=\"wp-block-cover__inner-container is-layout-flow wp-block-cover-is-layout-flow\">\n<div class=\"wp-block-group is-layout-flow wp-block-group-is-layout-flow\"><div class=\"wp-block-group__inner-container\">\n<div class=\"wp-block-columns is-layout-flex wp-container-core-columns-layout-3 wp-block-columns-is-layout-flex\">\n<div class=\"wp-block-column is-layout-flow wp-block-column-is-layout-flow\"><div class=\"wp-block-image\">\n<figure class=\"aligncenter size-full is-resized\"><img decoding=\"async\" src=\"https:\/\/fisioterapialetsmove.es\/wp-content\/uploads\/2025\/12\/IMG_5526-2.heic\" alt=\"\" class=\"wp-image-837\" style=\"width:466px;height:auto\"\/><\/figure><\/div>\n\n\n<p class=\"has-text-align-center\"><mark style=\"background-color:rgba(0, 0, 0, 0)\" class=\"has-inline-color has-custom-1-color\">Zona d&#8217;exercici terap\u00e8utic i readaptaci\u00f3 i rehabilitaci\u00f3 esportiva. <\/mark><\/p>\n<\/div>\n<\/div>\n<\/div><\/div>\n<\/div><\/div>\n\n\n\n<div class=\"wp-block-cover alignfull is-light\" style=\"min-height:61px\"><span aria-hidden=\"true\" class=\"wp-block-cover__background has-background-dim-0 has-background-dim\"><\/span><img loading=\"lazy\" decoding=\"async\" width=\"1576\" height=\"1240\" class=\"wp-block-cover__image-background wp-image-695\" alt=\"\" src=\"https:\/\/fisioterapialetsmove.es\/wp-content\/uploads\/2024\/12\/Captura-de-pantalla-2024-12-06-a-las-18.23.13.png\" data-object-fit=\"cover\" srcset=\"https:\/\/fisioterapialetsmove.es\/wp-content\/uploads\/2024\/12\/Captura-de-pantalla-2024-12-06-a-las-18.23.13.png 1576w, https:\/\/fisioterapialetsmove.es\/wp-content\/uploads\/2024\/12\/Captura-de-pantalla-2024-12-06-a-las-18.23.13-300x236.png 300w, https:\/\/fisioterapialetsmove.es\/wp-content\/uploads\/2024\/12\/Captura-de-pantalla-2024-12-06-a-las-18.23.13-1024x806.png 1024w, https:\/\/fisioterapialetsmove.es\/wp-content\/uploads\/2024\/12\/Captura-de-pantalla-2024-12-06-a-las-18.23.13-768x604.png 768w, https:\/\/fisioterapialetsmove.es\/wp-content\/uploads\/2024\/12\/Captura-de-pantalla-2024-12-06-a-las-18.23.13-1536x1209.png 1536w\" sizes=\"(max-width: 1576px) 100vw, 1576px\" \/><div class=\"wp-block-cover__inner-container is-layout-flow wp-block-cover-is-layout-flow\">\n<p><\/p>\n\n\n\n<p>A Let&#8217;s move! trobar\u00e0s <strong>instal\u00b7lacions adaptades<\/strong> que compleixen amb la normativa d&#8217;accessibilitat.<\/p>\n<\/div><\/div>\n\n\n<div class=\"wp-block-image\">\n<figure class=\"aligncenter size-full is-resized\"><img loading=\"lazy\" decoding=\"async\" width=\"622\" height=\"703\" src=\"https:\/\/fisioterapialetsmove.es\/wp-content\/uploads\/2025\/12\/POSTS-LETS-MOVE-fons-blanc-copia-2-1.png\" alt=\"\" class=\"wp-image-784\" style=\"width:413px;height:auto\" srcset=\"https:\/\/fisioterapialetsmove.es\/wp-content\/uploads\/2025\/12\/POSTS-LETS-MOVE-fons-blanc-copia-2-1.png 622w, https:\/\/fisioterapialetsmove.es\/wp-content\/uploads\/2025\/12\/POSTS-LETS-MOVE-fons-blanc-copia-2-1-265x300.png 265w\" sizes=\"(max-width: 622px) 100vw, 622px\" \/><\/figure><\/div>","protected":false},"excerpt":{"rendered":"","protected":false},"author":1,"featured_media":0,"parent":0,"menu_order":0,"comment_status":"closed","ping_status":"closed","template":"","meta":{"neve_meta_sidebar":"","neve_meta_container":"","neve_meta_enable_content_width":"","neve_meta_content_width":0,"neve_meta_title_alignment":"","neve_meta_author_avatar":"","neve_post_elements_order":"","neve_meta_disable_header":"","neve_meta_disable_footer":"","neve_meta_disable_title":"","_themeisle_gutenberg_block_has_review":false,"_ti_tpc_template_sync":false,"_ti_tpc_template_id":"","footnotes":""},"aioseo_notices":[],"_links":{"self":[{"href":"https:\/\/fisioterapialetsmove.es\/index.php?rest_route=\/wp\/v2\/pages\/776"}],"collection":[{"href":"https:\/\/fisioterapialetsmove.es\/index.php?rest_route=\/wp\/v2\/pages"}],"about":[{"href":"https:\/\/fisioterapialetsmove.es\/index.php?rest_route=\/wp\/v2\/types\/page"}],"author":[{"embeddable":true,"href":"https:\/\/fisioterapialetsmove.es\/index.php?rest_route=\/wp\/v2\/users\/1"}],"replies":[{"embeddable":true,"href":"https:\/\/fisioterapialetsmove.es\/index.php?rest_route=%2Fwp%2Fv2%2Fcomments&post=776"}],"version-history":[{"count":8,"href":"https:\/\/fisioterapialetsmove.es\/index.php?rest_route=\/wp\/v2\/pages\/776\/revisions"}],"predecessor-version":[{"id":841,"href":"https:\/\/fisioterapialetsmove.es\/index.php?rest_route=\/wp\/v2\/pages\/776\/revisions\/841"}],"wp:attachment":[{"href":"https:\/\/fisioterapialetsmove.es\/index.php?rest_route=%2Fwp%2Fv2%2Fmedia&parent=776"}],"curies":[{"name":"wp","href":"https:\/\/api.w.org\/{rel}","templated":true}]}}